{"id":374114,"date":"2025-05-29T14:43:44","date_gmt":"2025-05-29T17:43:44","guid":{"rendered":"https:\/\/galeriaazur.art\/?post_type=product&#038;p=374114"},"modified":"2025-05-29T14:43:44","modified_gmt":"2025-05-29T17:43:44","slug":"chapadmalal","status":"publish","type":"product","link":"https:\/\/galeriaazur.art\/esp\/artwork\/chapadmalal\/","title":{"rendered":"Chapadmalal"},"content":{"rendered":"<p><span style=\"font-weight: 400;\">Nombre de la Obra: <\/span><i><span style=\"font-weight: 400;\">\u201cChapadmalal\u201d\u00a0<\/span><\/i><\/p>\n<p><span style=\"font-weight: 400;\">Fecha realizaci\u00f3n: 2010\/2011.\u00a0<\/span><\/p>\n<p><span style=\"font-weight: 400;\">Formada por 15 piezas. No tienen t\u00edtulo individual, solo numero de referencia.\u00a0<\/span><\/p>\n<p><span style=\"font-weight: 400;\">Chapadmalal es una instalaci\u00f3n fotogr\u00e1fca compuesta por 13 fotograf\u00edas, 10 de ellas enmarcadas\u00a0 sobre hoja de \u00e1lbum de los 80 y todas en caja de madera, una impresi\u00f3n lenticular y una\u00a0 instalaci\u00f3n sonora.\u00a0<\/span><\/p>\n<p><span style=\"font-weight: 400;\">Descripci\u00f3n t\u00e9cnica:\u00a0<\/span><\/p>\n<p><span style=\"font-weight: 400;\">Fotograf\u00eda. Tomas directas soporte digital,\u00a0\u00a0<\/span><\/p>\n<p><span style=\"font-weight: 400;\">Copias Glicee con tinta Epson Ultra Chrome HDR. Papel Epson Exhibition Fiber Paper.\u00a0 Una pieza copiada con sistema lenticular, enmarcada en caja de madera con vidrio. Enmarcado en caja de madera y vidrio. 10 con base \u00fanica de \u00e1lbum.\u00a0<\/span><\/p>\n<p><span style=\"font-weight: 400;\">Tama\u00f1os varios seg\u00fan pieza.\u00a0<\/span><\/p>\n<p><span style=\"font-weight: 400;\">Grabaci\u00f3n realizada en estudio. Estereo.\u00a0<\/span><\/p>\n<p><span style=\"font-weight: 400;\">Edici\u00f3n:\u00a0<\/span><\/p>\n<p><span style=\"font-weight: 400;\">10 de las obras son Pieza \u00fanica + copia de artista\u00a0<\/span><\/p>\n<p><span style=\"font-weight: 400;\">3 tienen edici\u00f3n de 3 + copia de artista <\/span><\/p>\n<p><span style=\"font-weight: 400;\">\u2013 <\/span><span style=\"font-weight: 400;\">Piezas \u00fanicas: 1.200 eu\u00a0<\/span><\/p>\n<p><span style=\"font-weight: 400;\">\u2013 <\/span><span style=\"font-weight: 400;\">Series de 3: 900 eu <\/span><\/p>","protected":false},"excerpt":{"rendered":"<p>Nombre de la Obra: \u201cChapadmalal\u201d\u00a0 Fecha realizaci\u00f3n: 2010\/2011.\u00a0 Formada por 15 piezas. No tienen t\u00edtulo individual, solo numero de referencia.\u00a0 Chapadmalal es una instalaci\u00f3n fotogr\u00e1fca compuesta por 13 fotograf\u00edas, 10 de ellas enmarcadas\u00a0 sobre hoja de \u00e1lbum de los 80 y todas en caja de madera, una impresi\u00f3n lenticular y una\u00a0 instalaci\u00f3n sonora.\u00a0 Descripci\u00f3n t\u00e9cnica:\u00a0 [&hellip;]<\/p>","protected":false},"author":2927,"featured_media":374333,"template":"","meta":{"_et_pb_use_builder":"o","_et_pb_old_content":"","_et_gb_content_width":""},"product_cat":[180],"product_tag":[],"acf":[],"_links":{"self":[{"href":"https:\/\/galeriaazur.art\/esp\/wp-json\/wp\/v2\/product\/374114"}],"collection":[{"href":"https:\/\/galeriaazur.art\/esp\/wp-json\/wp\/v2\/product"}],"about":[{"href":"https:\/\/galeriaazur.art\/esp\/wp-json\/wp\/v2\/types\/product"}],"author":[{"embeddable":true,"href":"https:\/\/galeriaazur.art\/esp\/wp-json\/wp\/v2\/users\/2927"}],"wp:featuredmedia":[{"embeddable":true,"href":"https:\/\/galeriaazur.art\/esp\/wp-json\/wp\/v2\/media\/374333"}],"wp:attachment":[{"href":"https:\/\/galeriaazur.art\/esp\/wp-json\/wp\/v2\/media?parent=374114"}],"wp:term":[{"taxonomy":"product_cat","embeddable":true,"href":"https:\/\/galeriaazur.art\/esp\/wp-json\/wp\/v2\/product_cat?post=374114"},{"taxonomy":"product_tag","embeddable":true,"href":"https:\/\/galeriaazur.art\/esp\/wp-json\/wp\/v2\/product_tag?post=374114"}],"curies":[{"name":"wp","href":"https:\/\/api.w.org\/{rel}","templated":true}]}}