{"id":373491,"date":"2025-05-20T17:29:21","date_gmt":"2025-05-20T20:29:21","guid":{"rendered":"https:\/\/galeriaazur.art\/?post_type=product&#038;p=373491"},"modified":"2025-05-21T09:29:55","modified_gmt":"2025-05-21T12:29:55","slug":"despedida-de-un-gran-amor","status":"publish","type":"product","link":"https:\/\/galeriaazur.art\/esp\/artwork\/despedida-de-un-gran-amor\/","title":{"rendered":"Despedida de un Gran Amor"},"content":{"rendered":"<p>Esta obra habla de un gran amor que se marcha y del dolor de la joven ante su soledad y el alejamiento de su amado. M\u00fasica, rituales el mar y la lejan\u00eda completan el escenario donde una l\u00e1grima marca la resignaci\u00f3n de un amor trunco.<\/p>","protected":false},"excerpt":{"rendered":"<a href=\"https:\/\/galeriaazur.art\/esp\/artist\/daniel-heugas\/\">Daniel Heugas<\/a>","protected":false},"author":2880,"featured_media":373497,"template":"","meta":{"_et_pb_use_builder":"o","_et_pb_old_content":"","_et_gb_content_width":""},"product_cat":[180,429],"product_tag":[],"acf":[],"_links":{"self":[{"href":"https:\/\/galeriaazur.art\/esp\/wp-json\/wp\/v2\/product\/373491"}],"collection":[{"href":"https:\/\/galeriaazur.art\/esp\/wp-json\/wp\/v2\/product"}],"about":[{"href":"https:\/\/galeriaazur.art\/esp\/wp-json\/wp\/v2\/types\/product"}],"author":[{"embeddable":true,"href":"https:\/\/galeriaazur.art\/esp\/wp-json\/wp\/v2\/users\/2880"}],"wp:featuredmedia":[{"embeddable":true,"href":"https:\/\/galeriaazur.art\/esp\/wp-json\/wp\/v2\/media\/373497"}],"wp:attachment":[{"href":"https:\/\/galeriaazur.art\/esp\/wp-json\/wp\/v2\/media?parent=373491"}],"wp:term":[{"taxonomy":"product_cat","embeddable":true,"href":"https:\/\/galeriaazur.art\/esp\/wp-json\/wp\/v2\/product_cat?post=373491"},{"taxonomy":"product_tag","embeddable":true,"href":"https:\/\/galeriaazur.art\/esp\/wp-json\/wp\/v2\/product_tag?post=373491"}],"curies":[{"name":"wp","href":"https:\/\/api.w.org\/{rel}","templated":true}]}}