{"id":373082,"date":"2025-05-13T16:31:28","date_gmt":"2025-05-13T19:31:28","guid":{"rendered":"https:\/\/galeriaazur.art\/?post_type=product&#038;p=373082"},"modified":"2025-05-19T15:48:08","modified_gmt":"2025-05-19T18:48:08","slug":"la-mano-del-artista-ii","status":"publish","type":"product","link":"https:\/\/galeriaazur.art\/esp\/artwork\/la-mano-del-artista-ii\/","title":{"rendered":"La mano del artista II"},"content":{"rendered":"<p>Esta obra muestra la creaci\u00f3n en el mismo momento que se est\u00e1 dando. Creaci\u00f3n cristalizada por la mano del artista por la cual corre el inmenso caudal de emociones y sentimientos imprescindibles para transformar un blanco lienzo en un obra de arte.<\/p>","protected":false},"excerpt":{"rendered":"<a href=\"https:\/\/galeriaazur.art\/esp\/artist\/daniel-heugas\/\">Daniel Heugas<\/a>","protected":false},"author":2880,"featured_media":373086,"template":"","meta":{"_et_pb_use_builder":"o","_et_pb_old_content":"","_et_gb_content_width":""},"product_cat":[180,429],"product_tag":[],"acf":[],"_links":{"self":[{"href":"https:\/\/galeriaazur.art\/esp\/wp-json\/wp\/v2\/product\/373082"}],"collection":[{"href":"https:\/\/galeriaazur.art\/esp\/wp-json\/wp\/v2\/product"}],"about":[{"href":"https:\/\/galeriaazur.art\/esp\/wp-json\/wp\/v2\/types\/product"}],"author":[{"embeddable":true,"href":"https:\/\/galeriaazur.art\/esp\/wp-json\/wp\/v2\/users\/2880"}],"wp:featuredmedia":[{"embeddable":true,"href":"https:\/\/galeriaazur.art\/esp\/wp-json\/wp\/v2\/media\/373086"}],"wp:attachment":[{"href":"https:\/\/galeriaazur.art\/esp\/wp-json\/wp\/v2\/media?parent=373082"}],"wp:term":[{"taxonomy":"product_cat","embeddable":true,"href":"https:\/\/galeriaazur.art\/esp\/wp-json\/wp\/v2\/product_cat?post=373082"},{"taxonomy":"product_tag","embeddable":true,"href":"https:\/\/galeriaazur.art\/esp\/wp-json\/wp\/v2\/product_tag?post=373082"}],"curies":[{"name":"wp","href":"https:\/\/api.w.org\/{rel}","templated":true}]}}