{"id":372513,"date":"2025-05-07T13:55:39","date_gmt":"2025-05-07T16:55:39","guid":{"rendered":"https:\/\/galeriaazur.art\/?post_type=product&#038;p=372513"},"modified":"2025-05-08T14:36:46","modified_gmt":"2025-05-08T17:36:46","slug":"madre-tierra","status":"publish","type":"product","link":"https:\/\/galeriaazur.art\/esp\/artwork\/madre-tierra\/","title":{"rendered":"Madre tierra"},"content":{"rendered":"<p>Es una mujer en estado de gestaci\u00f3n universal, encarnando la unidad entre cuerpo, alma y cosmos. Su silueta azul, s\u00edmbolo del agua, la intuici\u00f3n y lo sagrado femenino, se funde con la luna \u2014arquetipo de lo c\u00edclico, lo intuitivo y lo maternal\u2014 en una postura de oraci\u00f3n y recogimiento.<\/p>\n<p>La gestaci\u00f3n no es solo biol\u00f3gica: es simb\u00f3lica. Ella est\u00e1 creando mundo, creando futuro, creando consciencia. Su vientre est\u00e1 cubierto de pan de cobre, evocando el n\u00facleo terrestre, la fuerza volc\u00e1nica de la creaci\u00f3n y la materia primordial.<\/p>\n<p>Sobre su piel se dibujan s\u00edmbolos alqu\u00edmicos y elementales: tierra, agua, aire y fuego. Son la clave de su equilibrio interior, la sabidur\u00eda que porta desde tiempos antiguos. En su espalda se lee:<br \/>\n\u201cUna mujer es invencible si recuerda la historia de su vientre.\u201d<\/p>\n<p>Esta obra es un altar visual a la energ\u00eda creadora de la mujer como madre, planeta y portal.<\/p>","protected":false},"excerpt":{"rendered":"<a href=\"https:\/\/galeriaazur.art\/esp\/artist\/rbk-becerro-diaz\/\">Rebeca Becerro Diaz<\/a>","protected":false},"author":2896,"featured_media":372520,"template":"","meta":{"_et_pb_use_builder":"o","_et_pb_old_content":"","_et_gb_content_width":""},"product_cat":[24,409],"product_tag":[],"acf":[],"_links":{"self":[{"href":"https:\/\/galeriaazur.art\/esp\/wp-json\/wp\/v2\/product\/372513"}],"collection":[{"href":"https:\/\/galeriaazur.art\/esp\/wp-json\/wp\/v2\/product"}],"about":[{"href":"https:\/\/galeriaazur.art\/esp\/wp-json\/wp\/v2\/types\/product"}],"author":[{"embeddable":true,"href":"https:\/\/galeriaazur.art\/esp\/wp-json\/wp\/v2\/users\/2896"}],"wp:featuredmedia":[{"embeddable":true,"href":"https:\/\/galeriaazur.art\/esp\/wp-json\/wp\/v2\/media\/372520"}],"wp:attachment":[{"href":"https:\/\/galeriaazur.art\/esp\/wp-json\/wp\/v2\/media?parent=372513"}],"wp:term":[{"taxonomy":"product_cat","embeddable":true,"href":"https:\/\/galeriaazur.art\/esp\/wp-json\/wp\/v2\/product_cat?post=372513"},{"taxonomy":"product_tag","embeddable":true,"href":"https:\/\/galeriaazur.art\/esp\/wp-json\/wp\/v2\/product_tag?post=372513"}],"curies":[{"name":"wp","href":"https:\/\/api.w.org\/{rel}","templated":true}]}}