{"id":372512,"date":"2025-05-07T14:10:28","date_gmt":"2025-05-07T17:10:28","guid":{"rendered":"https:\/\/galeriaazur.art\/?post_type=product&#038;p=372512"},"modified":"2025-05-08T14:36:43","modified_gmt":"2025-05-08T17:36:43","slug":"ying-yang","status":"publish","type":"product","link":"https:\/\/galeriaazur.art\/esp\/artwork\/ying-yang\/","title":{"rendered":"Ying Yang"},"content":{"rendered":"<p>Esta obra es un encuentro entre dos almas, dos cuerpos, dos energ\u00edas. Una danza silenciosa de pieles que se reconocen m\u00e1s all\u00e1 del tiempo, el g\u00e9nero o la forma. Los trazos son curvos, fluidos, como si todo se moviera en espiral, como si el amor fuera un rito c\u00f3smico y no una emoci\u00f3n pasajera.<\/p>\n<p>El dorado enmarca la sacralidad del v\u00ednculo: lo que nace de la carne pero no muere en ella.<br \/>\nLa figura femenina, marcada por el s\u00edmbolo de Venus y por la inscripci\u00f3n \u201calma Boh\u00e8mia\u201d, es un cuerpo libre, f\u00e9rtil, ancestral.<br \/>\nLa figura que la envuelve es presencia espiritual: una energ\u00eda protectora, un amante et\u00e9reo, un espejo del alma.<\/p>\n<p>Los s\u00edmbolos astrol\u00f3gicos, las espirales y las constelaciones refuerzan la idea de uni\u00f3n c\u00f3smica:<br \/>\ndos cuerpos, un alma, un instante eterno.<\/p>","protected":false},"excerpt":{"rendered":"<a href=\"https:\/\/galeriaazur.art\/esp\/artist\/rbk-becerro-diaz\/\">Rebeca Becerro Diaz<\/a>","protected":false},"author":2896,"featured_media":372514,"template":"","meta":{"_et_pb_use_builder":"o","_et_pb_old_content":"","_et_gb_content_width":""},"product_cat":[24,409],"product_tag":[],"acf":[],"_links":{"self":[{"href":"https:\/\/galeriaazur.art\/esp\/wp-json\/wp\/v2\/product\/372512"}],"collection":[{"href":"https:\/\/galeriaazur.art\/esp\/wp-json\/wp\/v2\/product"}],"about":[{"href":"https:\/\/galeriaazur.art\/esp\/wp-json\/wp\/v2\/types\/product"}],"author":[{"embeddable":true,"href":"https:\/\/galeriaazur.art\/esp\/wp-json\/wp\/v2\/users\/2896"}],"wp:featuredmedia":[{"embeddable":true,"href":"https:\/\/galeriaazur.art\/esp\/wp-json\/wp\/v2\/media\/372514"}],"wp:attachment":[{"href":"https:\/\/galeriaazur.art\/esp\/wp-json\/wp\/v2\/media?parent=372512"}],"wp:term":[{"taxonomy":"product_cat","embeddable":true,"href":"https:\/\/galeriaazur.art\/esp\/wp-json\/wp\/v2\/product_cat?post=372512"},{"taxonomy":"product_tag","embeddable":true,"href":"https:\/\/galeriaazur.art\/esp\/wp-json\/wp\/v2\/product_tag?post=372512"}],"curies":[{"name":"wp","href":"https:\/\/api.w.org\/{rel}","templated":true}]}}