{"id":372503,"date":"2025-05-07T13:38:34","date_gmt":"2025-05-07T16:38:34","guid":{"rendered":"https:\/\/galeriaazur.art\/?post_type=product&#038;p=372503"},"modified":"2025-05-08T14:36:50","modified_gmt":"2025-05-08T17:36:50","slug":"la-maga-2","status":"publish","type":"product","link":"https:\/\/galeriaazur.art\/esp\/artwork\/la-maga-2\/","title":{"rendered":"La Maga"},"content":{"rendered":"<p>Est\u00e1 obra, es una figura femenina que encarna el misterio, la fuerza contenida y el despertar interior. Desnuda y cubierta por un velo transl\u00facido, representa el tr\u00e1nsito entre lo visible y lo invisible, entre la herida y la revelaci\u00f3n. Su cuerpo est\u00e1 sostenido por geometr\u00edas simb\u00f3licas, estructuras que evocan lo sagrado, lo ancestral, lo eterno.<\/p>\n<p>El uso del dorado sugiere una dimensi\u00f3n espiritual, mientras que la expresi\u00f3n de la mujer \u2014firme, frontal, sabia\u2014 invita al espectador a enfrentarse consigo mismo. La obra habla del poder de lo femenino cuando deja de ser complaciente y se convierte en portal.<\/p>\n<p>Esta pieza es un rito visual. Una puerta.<br \/>\nY ella, la mujer que nos espera al otro lado.<\/p>","protected":false},"excerpt":{"rendered":"<a href=\"https:\/\/galeriaazur.art\/esp\/artist\/rbk-becerro-diaz\/\">Rebeca Becerro Diaz<\/a>","protected":false},"author":2896,"featured_media":372511,"template":"","meta":{"_et_pb_use_builder":"o","_et_pb_old_content":"","_et_gb_content_width":""},"product_cat":[24,409],"product_tag":[],"acf":[],"_links":{"self":[{"href":"https:\/\/galeriaazur.art\/esp\/wp-json\/wp\/v2\/product\/372503"}],"collection":[{"href":"https:\/\/galeriaazur.art\/esp\/wp-json\/wp\/v2\/product"}],"about":[{"href":"https:\/\/galeriaazur.art\/esp\/wp-json\/wp\/v2\/types\/product"}],"author":[{"embeddable":true,"href":"https:\/\/galeriaazur.art\/esp\/wp-json\/wp\/v2\/users\/2896"}],"wp:featuredmedia":[{"embeddable":true,"href":"https:\/\/galeriaazur.art\/esp\/wp-json\/wp\/v2\/media\/372511"}],"wp:attachment":[{"href":"https:\/\/galeriaazur.art\/esp\/wp-json\/wp\/v2\/media?parent=372503"}],"wp:term":[{"taxonomy":"product_cat","embeddable":true,"href":"https:\/\/galeriaazur.art\/esp\/wp-json\/wp\/v2\/product_cat?post=372503"},{"taxonomy":"product_tag","embeddable":true,"href":"https:\/\/galeriaazur.art\/esp\/wp-json\/wp\/v2\/product_tag?post=372503"}],"curies":[{"name":"wp","href":"https:\/\/api.w.org\/{rel}","templated":true}]}}