{"id":369230,"date":"2025-04-08T11:17:26","date_gmt":"2025-04-08T14:17:26","guid":{"rendered":"https:\/\/galeriaazur.art\/?post_type=product&#038;p=369230"},"modified":"2025-04-09T08:39:44","modified_gmt":"2025-04-09T11:39:44","slug":"abstraccion-calida-geometrica","status":"publish","type":"product","link":"https:\/\/galeriaazur.art\/esp\/artwork\/abstraccion-calida-geometrica\/","title":{"rendered":"Abstracci\u00f3n c\u00e1lida geom\u00e9trica"},"content":{"rendered":"<p>Abstract with backlighting<\/p>","protected":false},"excerpt":{"rendered":"<a href=\"https:\/\/galeriaazur.art\/esp\/artist\/delia-solari\/\">Delia Solari<\/a>","protected":false},"author":487,"featured_media":369231,"template":"","meta":{"_et_pb_use_builder":"o","_et_pb_old_content":"","_et_gb_content_width":""},"product_cat":[180,372],"product_tag":[],"acf":[],"_links":{"self":[{"href":"https:\/\/galeriaazur.art\/esp\/wp-json\/wp\/v2\/product\/369230"}],"collection":[{"href":"https:\/\/galeriaazur.art\/esp\/wp-json\/wp\/v2\/product"}],"about":[{"href":"https:\/\/galeriaazur.art\/esp\/wp-json\/wp\/v2\/types\/product"}],"author":[{"embeddable":true,"href":"https:\/\/galeriaazur.art\/esp\/wp-json\/wp\/v2\/users\/487"}],"wp:featuredmedia":[{"embeddable":true,"href":"https:\/\/galeriaazur.art\/esp\/wp-json\/wp\/v2\/media\/369231"}],"wp:attachment":[{"href":"https:\/\/galeriaazur.art\/esp\/wp-json\/wp\/v2\/media?parent=369230"}],"wp:term":[{"taxonomy":"product_cat","embeddable":true,"href":"https:\/\/galeriaazur.art\/esp\/wp-json\/wp\/v2\/product_cat?post=369230"},{"taxonomy":"product_tag","embeddable":true,"href":"https:\/\/galeriaazur.art\/esp\/wp-json\/wp\/v2\/product_tag?post=369230"}],"curies":[{"name":"wp","href":"https:\/\/api.w.org\/{rel}","templated":true}]}}