{"id":369128,"date":"2025-04-03T22:38:12","date_gmt":"2025-04-04T01:38:12","guid":{"rendered":"https:\/\/galeriaazur.art\/?post_type=product&#038;p=369128"},"modified":"2025-04-07T09:59:31","modified_gmt":"2025-04-07T12:59:31","slug":"miniaturas-del-alma-historia-de-los-muebles-en-pequena-escala-9","status":"publish","type":"product","link":"https:\/\/galeriaazur.art\/esp\/artwork\/miniaturas-del-alma-historia-de-los-muebles-en-pequena-escala-9\/","title":{"rendered":"&#8220;Miniaturas del Alma: Historia de los Muebles en Peque\u00f1a Escala&#8221;"},"content":{"rendered":"<p>Banco Rom\u00e1nico con patrones de desgaste. Este Estilo se caracteriza por la monumentalidad y la robustez,  esculturas de formas abstractas, uso del arco de medio punto. Presenta un respaldo tallado,  cuatro Leones aleg\u00f3rico, guirnaldas y una talla a relieve de Le\u00f3n en el frente bajo y dos piezas torneadas a mano. Perfecto para organizar todas las joyas. Aporta la magn\u00edfica  Energ\u00eda de la madera al hogar y a la vida, dando un toque de Antig\u00fcedad en lo moderno.<\/p>","protected":false},"excerpt":{"rendered":"<a href=\"https:\/\/galeriaazur.art\/esp\/artist\/marlene-perez\/\">Marlene Perez<\/a>","protected":false},"author":2865,"featured_media":369130,"template":"","meta":{"_et_pb_use_builder":"o","_et_pb_old_content":"","_et_gb_content_width":""},"product_cat":[140,372],"product_tag":[],"acf":[],"_links":{"self":[{"href":"https:\/\/galeriaazur.art\/esp\/wp-json\/wp\/v2\/product\/369128"}],"collection":[{"href":"https:\/\/galeriaazur.art\/esp\/wp-json\/wp\/v2\/product"}],"about":[{"href":"https:\/\/galeriaazur.art\/esp\/wp-json\/wp\/v2\/types\/product"}],"author":[{"embeddable":true,"href":"https:\/\/galeriaazur.art\/esp\/wp-json\/wp\/v2\/users\/2865"}],"wp:featuredmedia":[{"embeddable":true,"href":"https:\/\/galeriaazur.art\/esp\/wp-json\/wp\/v2\/media\/369130"}],"wp:attachment":[{"href":"https:\/\/galeriaazur.art\/esp\/wp-json\/wp\/v2\/media?parent=369128"}],"wp:term":[{"taxonomy":"product_cat","embeddable":true,"href":"https:\/\/galeriaazur.art\/esp\/wp-json\/wp\/v2\/product_cat?post=369128"},{"taxonomy":"product_tag","embeddable":true,"href":"https:\/\/galeriaazur.art\/esp\/wp-json\/wp\/v2\/product_tag?post=369128"}],"curies":[{"name":"wp","href":"https:\/\/api.w.org\/{rel}","templated":true}]}}