{"id":369122,"date":"2025-04-03T23:59:12","date_gmt":"2025-04-04T02:59:12","guid":{"rendered":"https:\/\/galeriaazur.art\/?post_type=product&#038;p=369122"},"modified":"2025-04-07T09:59:30","modified_gmt":"2025-04-07T12:59:30","slug":"miniaturas-del-alma-historia-de-los-muebles-en-pequena-escala-8","status":"publish","type":"product","link":"https:\/\/galeriaazur.art\/esp\/artwork\/miniaturas-del-alma-historia-de-los-muebles-en-pequena-escala-8\/","title":{"rendered":"&#8220;Miniaturas del Alma: Historia de los Muebles en Peque\u00f1a Escala &#8220;"},"content":{"rendered":"<p>C\u00f3moda Luis XVl. Hecho a mano. <br \/>\nConfeccionada con la madera del Haya, presenta motivos florales en sus cajones, volutas y hojas de acanto en sus laterales, cuatro patas torneadas con talla de la flor de loto, dos puertas centrales con un panel con inscrustaciones de maderas preciosas,  rematado con dos rosas en las esquina. Esta c\u00f3moda joyero est\u00e1 inspirada en un Estilo art\u00edstico que se caracteriza por su elegancia, sobriedad y refinamiento. Inspiraci\u00f3n en la naturaleza vegetal y temas antiguos. Integra en tu hogar las Energ\u00edas de la madera que representan las materias primas de la mente subconsciente, puede simboliza un potencial sin explorar. Esta pieza simboliza belleza y contemplaci\u00f3n.<\/p>","protected":false},"excerpt":{"rendered":"<a href=\"https:\/\/galeriaazur.art\/esp\/artist\/marlene-perez\/\">Marlene Perez<\/a>","protected":false},"author":2865,"featured_media":369124,"template":"","meta":{"_et_pb_use_builder":"o","_et_pb_old_content":"","_et_gb_content_width":""},"product_cat":[140,372],"product_tag":[],"acf":[],"_links":{"self":[{"href":"https:\/\/galeriaazur.art\/esp\/wp-json\/wp\/v2\/product\/369122"}],"collection":[{"href":"https:\/\/galeriaazur.art\/esp\/wp-json\/wp\/v2\/product"}],"about":[{"href":"https:\/\/galeriaazur.art\/esp\/wp-json\/wp\/v2\/types\/product"}],"author":[{"embeddable":true,"href":"https:\/\/galeriaazur.art\/esp\/wp-json\/wp\/v2\/users\/2865"}],"wp:featuredmedia":[{"embeddable":true,"href":"https:\/\/galeriaazur.art\/esp\/wp-json\/wp\/v2\/media\/369124"}],"wp:attachment":[{"href":"https:\/\/galeriaazur.art\/esp\/wp-json\/wp\/v2\/media?parent=369122"}],"wp:term":[{"taxonomy":"product_cat","embeddable":true,"href":"https:\/\/galeriaazur.art\/esp\/wp-json\/wp\/v2\/product_cat?post=369122"},{"taxonomy":"product_tag","embeddable":true,"href":"https:\/\/galeriaazur.art\/esp\/wp-json\/wp\/v2\/product_tag?post=369122"}],"curies":[{"name":"wp","href":"https:\/\/api.w.org\/{rel}","templated":true}]}}