{"id":369112,"date":"2025-04-04T15:09:36","date_gmt":"2025-04-04T18:09:36","guid":{"rendered":"https:\/\/galeriaazur.art\/?post_type=product&#038;p=369112"},"modified":"2025-04-07T09:59:28","modified_gmt":"2025-04-07T12:59:28","slug":"miniaturas-del-alma-historia-de-los-muebles-en-pequena-escala-7","status":"publish","type":"product","link":"https:\/\/galeriaazur.art\/esp\/artwork\/miniaturas-del-alma-historia-de-los-muebles-en-pequena-escala-7\/","title":{"rendered":"&#8220;Miniaturas del Alma: Historia de los Muebles en Peque\u00f1a Escala &#8220;"},"content":{"rendered":"<p>Juego de Sala Egipcio. Hecho a mano. <br \/>\nInspirado en este Estilo que se caracteriza por su monumentalidad, simbolismo, uso de colores vivos y variados. Profunda conexi\u00f3n con la naturaleza con representaciones de animales, plantas y paisajes. Esta pieza est\u00e1 confeccionada con madera de Palisandro Africano,  compuesta por cuatro sillones y una mesa de centro.  Los sillones con un respaldo calado representado por dos trompas encintadas a la flor de loto en el centro.  Sus patas delanteras son dos leones alados donde kas alas hacen la funci\u00f3n de apoyabrazos. La mesa ovalada con motivos florales tallados en todo el borde del tapete. Est\u00e1 apoyando sobre cuatro figuras aleg\u00f3rico unidas por una cruceta con un jarr\u00f3n central. Este juego de Sala puede aportar a tu hogar y a tu persona calidez y profundidad emocional ya que simboliza un puente entre la tradici\u00f3n y lo moderno.  La elecci\u00f3n de esta pieza no solo habla de un sentido de calidad y magn\u00edfica Energ\u00eda,  sino que tambi\u00e9n refleja una decisi\u00f3n consciente de honrar a la madre Naturaleza<\/p>","protected":false},"excerpt":{"rendered":"<a href=\"https:\/\/galeriaazur.art\/esp\/artist\/marlene-perez\/\">Marlene Perez<\/a>","protected":false},"author":2865,"featured_media":369113,"template":"","meta":{"_et_pb_use_builder":"o","_et_pb_old_content":"","_et_gb_content_width":""},"product_cat":[140,372],"product_tag":[],"acf":[],"_links":{"self":[{"href":"https:\/\/galeriaazur.art\/esp\/wp-json\/wp\/v2\/product\/369112"}],"collection":[{"href":"https:\/\/galeriaazur.art\/esp\/wp-json\/wp\/v2\/product"}],"about":[{"href":"https:\/\/galeriaazur.art\/esp\/wp-json\/wp\/v2\/types\/product"}],"author":[{"embeddable":true,"href":"https:\/\/galeriaazur.art\/esp\/wp-json\/wp\/v2\/users\/2865"}],"wp:featuredmedia":[{"embeddable":true,"href":"https:\/\/galeriaazur.art\/esp\/wp-json\/wp\/v2\/media\/369113"}],"wp:attachment":[{"href":"https:\/\/galeriaazur.art\/esp\/wp-json\/wp\/v2\/media?parent=369112"}],"wp:term":[{"taxonomy":"product_cat","embeddable":true,"href":"https:\/\/galeriaazur.art\/esp\/wp-json\/wp\/v2\/product_cat?post=369112"},{"taxonomy":"product_tag","embeddable":true,"href":"https:\/\/galeriaazur.art\/esp\/wp-json\/wp\/v2\/product_tag?post=369112"}],"curies":[{"name":"wp","href":"https:\/\/api.w.org\/{rel}","templated":true}]}}