{"id":369088,"date":"2025-04-04T17:25:10","date_gmt":"2025-04-04T20:25:10","guid":{"rendered":"https:\/\/galeriaazur.art\/?post_type=product&#038;p=369088"},"modified":"2025-04-07T09:59:18","modified_gmt":"2025-04-07T12:59:18","slug":"miniaturas-del-alma-historia-de-los-muebles-en-pequena-escala-2","status":"publish","type":"product","link":"https:\/\/galeriaazur.art\/esp\/artwork\/miniaturas-del-alma-historia-de-los-muebles-en-pequena-escala-2\/","title":{"rendered":"&#8220;Miniaturas del Alma: Historia de los Muebles en Peque\u00f1a Escala &#8220;"},"content":{"rendered":"<p>Consola Luis XlV. Hecho a mano <br \/>\nCofre joyero inspirado en un Estilo Lujoso, formal, sim\u00e9trico y ostentoso. Un frente tallado con volutas y hojas de acanto que se entrelazan.  Las patas talladas unidas a su vez por cuatro piezas talladas con motivos de hojas. Construido con \u00c1lamo amarillo simboliza la Espiritualidad, la meditaci\u00f3n y la sensibilidad,  no pases por alto su Energ\u00eda y coloca dentro de \u00e9l tu deseo m\u00e1s ferviente hasta verlo en la realidad tu Fe y Amor lo pueden todo. Lo puedes colocar en cualquier espacio peque\u00f1o de tu hogar igual le dar\u00e1 un toque de Majestuosidad y Elegancia<\/p>","protected":false},"excerpt":{"rendered":"<a href=\"https:\/\/galeriaazur.art\/esp\/artist\/marlene-perez\/\">Marlene Perez<\/a>","protected":false},"author":2865,"featured_media":369089,"template":"","meta":{"_et_pb_use_builder":"o","_et_pb_old_content":"","_et_gb_content_width":""},"product_cat":[140,372],"product_tag":[],"acf":[],"_links":{"self":[{"href":"https:\/\/galeriaazur.art\/esp\/wp-json\/wp\/v2\/product\/369088"}],"collection":[{"href":"https:\/\/galeriaazur.art\/esp\/wp-json\/wp\/v2\/product"}],"about":[{"href":"https:\/\/galeriaazur.art\/esp\/wp-json\/wp\/v2\/types\/product"}],"author":[{"embeddable":true,"href":"https:\/\/galeriaazur.art\/esp\/wp-json\/wp\/v2\/users\/2865"}],"wp:featuredmedia":[{"embeddable":true,"href":"https:\/\/galeriaazur.art\/esp\/wp-json\/wp\/v2\/media\/369089"}],"wp:attachment":[{"href":"https:\/\/galeriaazur.art\/esp\/wp-json\/wp\/v2\/media?parent=369088"}],"wp:term":[{"taxonomy":"product_cat","embeddable":true,"href":"https:\/\/galeriaazur.art\/esp\/wp-json\/wp\/v2\/product_cat?post=369088"},{"taxonomy":"product_tag","embeddable":true,"href":"https:\/\/galeriaazur.art\/esp\/wp-json\/wp\/v2\/product_tag?post=369088"}],"curies":[{"name":"wp","href":"https:\/\/api.w.org\/{rel}","templated":true}]}}