{"id":369085,"date":"2025-04-04T18:02:50","date_gmt":"2025-04-04T21:02:50","guid":{"rendered":"https:\/\/galeriaazur.art\/?post_type=product&#038;p=369085"},"modified":"2025-04-07T09:59:16","modified_gmt":"2025-04-07T12:59:16","slug":"miniaturas-del-alma-historia-de-los-muebles-en-pequena-escala","status":"publish","type":"product","link":"https:\/\/galeriaazur.art\/esp\/artwork\/miniaturas-del-alma-historia-de-los-muebles-en-pequena-escala\/","title":{"rendered":"&#8220;Miniaturas del Alma: Historia de los Muebles en Peque\u00f1a Escala &#8220;"},"content":{"rendered":"<p>C\u00f3moda Barroco.  Hecho a mano. <br \/>\nInspirada en la Excelent\u00edsima e Inigualable Obra de Andres Charles Boulle. La C\u00f3moda original fue una de las piezas m\u00e1s repetidas con mayor frecuencia en el mobiliario Franc\u00e9s del siglo XVlll. <br \/>\nMi pieza presenta tallas a relieves en los costados, patas y cajones. Las patas con figuras aleg\u00f3ricas y el frente de los cajones con instrucciones de madera preciosa. Est\u00e1 elaborado con madera de Majagua, Palisandro Africano y la inscrustacion de nogal.<br \/>\nCofre joyero de distinguida Elegancia y de formas dram\u00e1ticas, ostentoso y de abundante Ornamentaci\u00f3n.<\/p>","protected":false},"excerpt":{"rendered":"<a href=\"https:\/\/galeriaazur.art\/esp\/artist\/marlene-perez\/\">Marlene Perez<\/a>","protected":false},"author":2865,"featured_media":369086,"template":"","meta":{"_et_pb_use_builder":"o","_et_pb_old_content":"","_et_gb_content_width":""},"product_cat":[140,372],"product_tag":[],"acf":[],"_links":{"self":[{"href":"https:\/\/galeriaazur.art\/esp\/wp-json\/wp\/v2\/product\/369085"}],"collection":[{"href":"https:\/\/galeriaazur.art\/esp\/wp-json\/wp\/v2\/product"}],"about":[{"href":"https:\/\/galeriaazur.art\/esp\/wp-json\/wp\/v2\/types\/product"}],"author":[{"embeddable":true,"href":"https:\/\/galeriaazur.art\/esp\/wp-json\/wp\/v2\/users\/2865"}],"wp:featuredmedia":[{"embeddable":true,"href":"https:\/\/galeriaazur.art\/esp\/wp-json\/wp\/v2\/media\/369086"}],"wp:attachment":[{"href":"https:\/\/galeriaazur.art\/esp\/wp-json\/wp\/v2\/media?parent=369085"}],"wp:term":[{"taxonomy":"product_cat","embeddable":true,"href":"https:\/\/galeriaazur.art\/esp\/wp-json\/wp\/v2\/product_cat?post=369085"},{"taxonomy":"product_tag","embeddable":true,"href":"https:\/\/galeriaazur.art\/esp\/wp-json\/wp\/v2\/product_tag?post=369085"}],"curies":[{"name":"wp","href":"https:\/\/api.w.org\/{rel}","templated":true}]}}