{"id":369076,"date":"2025-04-03T21:31:41","date_gmt":"2025-04-04T00:31:41","guid":{"rendered":"https:\/\/galeriaazur.art\/?post_type=product&#038;p=369076"},"modified":"2025-04-07T09:59:33","modified_gmt":"2025-04-07T12:59:33","slug":"miniaturas-del-alma-historia-de-los-muebles-en-pequena-escala-10","status":"publish","type":"product","link":"https:\/\/galeriaazur.art\/esp\/artwork\/miniaturas-del-alma-historia-de-los-muebles-en-pequena-escala-10\/","title":{"rendered":"&#8220;Miniaturas del Alma: Historia de los Muebles en Peque\u00f1a Escala&#8221;"},"content":{"rendered":"<p>Cofre Barroco con soporte, este Estilo se caracteriza por su opulencia, ornamentaci\u00f3n y formas dram\u00e1ticas.  El cofre superior tallado con motivos de la flora y fauna, en su tapa presenta una rosa central tallada. El soporte tallado en su frente apoyado en cuatro patas talladas de curvas sinuosas y  un jarr\u00f3n torneado y tallado a mano. Confeccionado con la madera de la majagua el \u00e1rbol m\u00e1gico. Las vetas naturales y la textura que tiene esta pieza le brindan un aspecto sofisticado y \u00fanico que no puede ser replicado por productos artificiales. Contando su propia historia a trav\u00e9s de su dise\u00f1o. Significativa ya que expresa nuestra relaci\u00f3n con la naturaleza aportando vitalidad a la vida cotidiana.<\/p>","protected":false},"excerpt":{"rendered":"<a href=\"https:\/\/galeriaazur.art\/esp\/artist\/marlene-perez\/\">Marlene Perez<\/a>","protected":false},"author":2865,"featured_media":369077,"template":"","meta":{"_et_pb_use_builder":"o","_et_pb_old_content":"","_et_gb_content_width":""},"product_cat":[140,372],"product_tag":[],"acf":[],"_links":{"self":[{"href":"https:\/\/galeriaazur.art\/esp\/wp-json\/wp\/v2\/product\/369076"}],"collection":[{"href":"https:\/\/galeriaazur.art\/esp\/wp-json\/wp\/v2\/product"}],"about":[{"href":"https:\/\/galeriaazur.art\/esp\/wp-json\/wp\/v2\/types\/product"}],"author":[{"embeddable":true,"href":"https:\/\/galeriaazur.art\/esp\/wp-json\/wp\/v2\/users\/2865"}],"wp:featuredmedia":[{"embeddable":true,"href":"https:\/\/galeriaazur.art\/esp\/wp-json\/wp\/v2\/media\/369077"}],"wp:attachment":[{"href":"https:\/\/galeriaazur.art\/esp\/wp-json\/wp\/v2\/media?parent=369076"}],"wp:term":[{"taxonomy":"product_cat","embeddable":true,"href":"https:\/\/galeriaazur.art\/esp\/wp-json\/wp\/v2\/product_cat?post=369076"},{"taxonomy":"product_tag","embeddable":true,"href":"https:\/\/galeriaazur.art\/esp\/wp-json\/wp\/v2\/product_tag?post=369076"}],"curies":[{"name":"wp","href":"https:\/\/api.w.org\/{rel}","templated":true}]}}