{"id":367926,"date":"2025-03-21T18:08:43","date_gmt":"2025-03-21T21:08:43","guid":{"rendered":"https:\/\/galeriaazur.art\/?post_type=product&#038;p=367926"},"modified":"2025-03-25T18:11:43","modified_gmt":"2025-03-25T21:11:43","slug":"genta-gustavo","status":"publish","type":"product","link":"https:\/\/galeriaazur.art\/esp\/artwork\/genta-gustavo\/","title":{"rendered":"Genta Gustavo"},"content":{"rendered":"<p>ESFERA<br \/>\nEscultura m\u00f3vil. Alambre de alpaca, espejos peque\u00f1os dobles desde el n\u00facleo amarillo en degrad\u00e9 hacia exterior naranja.<br \/>\n270 x 50 x 30 cm<\/p>","protected":false},"excerpt":{"rendered":"<p>ESFERA<br \/>\nEscultura m\u00f3vil. Alambre de alpaca, espejos peque\u00f1os dobles desde el n\u00facleo amarillo en degrad\u00e9 hacia exterior naranja.<br \/>\n270 x 50 x 30 cm<\/p>","protected":false},"author":442,"featured_media":368331,"template":"","meta":{"_et_pb_use_builder":"o","_et_pb_old_content":"","_et_gb_content_width":""},"product_cat":[383,420],"product_tag":[],"acf":[],"_links":{"self":[{"href":"https:\/\/galeriaazur.art\/esp\/wp-json\/wp\/v2\/product\/367926"}],"collection":[{"href":"https:\/\/galeriaazur.art\/esp\/wp-json\/wp\/v2\/product"}],"about":[{"href":"https:\/\/galeriaazur.art\/esp\/wp-json\/wp\/v2\/types\/product"}],"author":[{"embeddable":true,"href":"https:\/\/galeriaazur.art\/esp\/wp-json\/wp\/v2\/users\/442"}],"wp:featuredmedia":[{"embeddable":true,"href":"https:\/\/galeriaazur.art\/esp\/wp-json\/wp\/v2\/media\/368331"}],"wp:attachment":[{"href":"https:\/\/galeriaazur.art\/esp\/wp-json\/wp\/v2\/media?parent=367926"}],"wp:term":[{"taxonomy":"product_cat","embeddable":true,"href":"https:\/\/galeriaazur.art\/esp\/wp-json\/wp\/v2\/product_cat?post=367926"},{"taxonomy":"product_tag","embeddable":true,"href":"https:\/\/galeriaazur.art\/esp\/wp-json\/wp\/v2\/product_tag?post=367926"}],"curies":[{"name":"wp","href":"https:\/\/api.w.org\/{rel}","templated":true}]}}