{"id":366678,"date":"2025-03-02T21:17:02","date_gmt":"2025-03-03T00:17:02","guid":{"rendered":"https:\/\/galeriaazur.art\/?post_type=product&#038;p=366678"},"modified":"2025-03-05T09:14:26","modified_gmt":"2025-03-05T12:14:26","slug":"basquiat-ninja-jazz-club","status":"publish","type":"product","link":"https:\/\/galeriaazur.art\/esp\/artwork\/basquiat-ninja-jazz-club\/","title":{"rendered":"&#8220;Basquiat Ninja Jazz Club&#8221;"},"content":{"rendered":"<p>&quot;Basquiat Ninja Jazz Club&quot;<\/p>\n<p>Art Brutos&#039; Pur-gribouill&#039;styL<br \/>\nJuste en deux, tout ce que j&#039;aime :    &#091;..en deux secondes&#093;: ( ..en trois, en fait! ^<\/p>\n<p>     1-Basquiat avec une de ses repr\u00e9sentations de Charlie Parker sans doute (?), ou Coltrane, au sax&#039;. <br \/>\n  ..&quot;Basquiat, comme Charlie Parker, comprenait la magie de la citation. Il comprenait l\u2019ironie dans l\u2019abstrait. Il peignait en rythme. Il figeait sur la toile le tempo que l\u2019on peut reprendre l\u00e0 o\u00f9 il s\u2019est arr\u00eat\u00e9, en suivant le rythme. L\u2019essence m\u00eame de l\u2019\u0153uvre de Basquiat est ancr\u00e9e dans le jazz&quot; affirme Glenn O\u2019Brien dans &quot;Basquiat-Soundtracks&quot;.<br \/>\nEtant moi-m\u00eame musicien, guitariste, amateur de Jazz, je comprends l&#039;importance de la musicalit\u00e9, du rythme.<br \/>\n     2-un Ninja, certainement entrain\u00e9 par Seki &#039;Sensei, <br \/>\net  3-une figure abstraite rapide \u00e0 la Basquiat, caricature de nounours-style portant une &quot;rose&quot;(\u00e9crit) \u00e0 la main droite, il s&#039;est pris &quot;Boom&quot;(\u00e9crit) dans la face, puisqu&#039;il n&#039;aura jamais la couronne de Basquiat (normal^), couronne qu&#039;on voit sur sa t\u00eate quand-m\u00eame, mais (avec des croix(barr\u00e9es)) l&#039;aura jamais, NorMAL ^ tout ceci est ironique, bien-sur.<br \/>\nTout ici est en Hymne \u00e0 Basquiat, artiste fulgurant. Il y a eu Picasso, d\u00e9j\u00e0 tout \u00e9tait pli\u00e9, une telle simplicit\u00e9 d\u00e9concertante de lignes pures de g\u00e9nie, si simple alors qu&#039;en fait, bien-sur pas du tout! et puis il y a eu Jean Michel Basquiat, et l\u00e0 une nouvelle fois tout est pli\u00e9 en terme de street-Art, et d&#039;explosion sur la toile.<br \/>\net j&#039;ai eu envie de vous soumettre mon amour pour Basquiat, et le Jazz. et il y a de &#039;moi&#039; quand-m\u00eame puisque j&#039;y ai plac\u00e9 un Ninja.<\/p>\n<p>&#091; (je pratique le Katana,  &#8230;<\/p>\n<p>     L&#039;image pr\u00e9sente trois dessins, gribouillages distincts sur une feuille de papier\/classeur (les d\u00e9chirures sont pr\u00e9sentes) , des traits rapides spontan\u00e9s, typiques du croquis\/gribouill&#039;.<br \/>\nprincipalement : Feutres, Markers Alcohol, Roller.Point, Marker&#039;shalk, Crayons Couleur(?<\/p>\n<p>\nCette \u0153uvre est mon exemple de croquis expressifs spontan\u00e9ment crach\u00e9s de mon esprit divaguant. Tentative de capture de l&#039;\u00e9nergie et de la spontan\u00e9it\u00e9.<\/p>","protected":false},"excerpt":{"rendered":"<a href=\"https:\/\/galeriaazur.art\/esp\/artist\/frederic-blondiaux\/\">Fr\u00e9d\u00e9ric Blondiaux<\/a>","protected":false},"author":2819,"featured_media":366681,"template":"","meta":{"_et_pb_use_builder":"o","_et_pb_old_content":"","_et_gb_content_width":""},"product_cat":[400,24],"product_tag":[],"acf":[],"_links":{"self":[{"href":"https:\/\/galeriaazur.art\/esp\/wp-json\/wp\/v2\/product\/366678"}],"collection":[{"href":"https:\/\/galeriaazur.art\/esp\/wp-json\/wp\/v2\/product"}],"about":[{"href":"https:\/\/galeriaazur.art\/esp\/wp-json\/wp\/v2\/types\/product"}],"author":[{"embeddable":true,"href":"https:\/\/galeriaazur.art\/esp\/wp-json\/wp\/v2\/users\/2819"}],"wp:featuredmedia":[{"embeddable":true,"href":"https:\/\/galeriaazur.art\/esp\/wp-json\/wp\/v2\/media\/366681"}],"wp:attachment":[{"href":"https:\/\/galeriaazur.art\/esp\/wp-json\/wp\/v2\/media?parent=366678"}],"wp:term":[{"taxonomy":"product_cat","embeddable":true,"href":"https:\/\/galeriaazur.art\/esp\/wp-json\/wp\/v2\/product_cat?post=366678"},{"taxonomy":"product_tag","embeddable":true,"href":"https:\/\/galeriaazur.art\/esp\/wp-json\/wp\/v2\/product_tag?post=366678"}],"curies":[{"name":"wp","href":"https:\/\/api.w.org\/{rel}","templated":true}]}}