{"id":366111,"date":"2025-02-26T07:49:48","date_gmt":"2025-02-26T10:49:48","guid":{"rendered":"https:\/\/galeriaazur.art\/?post_type=product&#038;p=366111"},"modified":"2025-03-05T09:14:37","modified_gmt":"2025-03-05T12:14:37","slug":"tagueul","status":"publish","type":"product","link":"https:\/\/galeriaazur.art\/esp\/artwork\/tagueul\/","title":{"rendered":"&#8220;TaGueul&#8221;"},"content":{"rendered":"<p>&quot;TaGueul&quot;                  <\/p>\n<p>     Je laisse ma description en Fran\u00e7ais, en \u00e9crivant je me rends compte que je mixe Anglais et Fran\u00e7ais, de l&#039;Anglicisme, .. monnaie courante de nos jours  les langues \u00e9voluant perp\u00e9tuellement,  ..Des tourbillons de mots.. les uns Fran\u00e7ais d&#039;autre Anglais.<br \/>\n&#8211;&quot;Kaput&quot; est entr\u00e9 dans notre lexique. <br \/>\n\u2013 Mr John Wellington calls its green : le &quot;Vert-Noir&quot;\/vernoir , &quot;classe&quot; effectivement!  j&#039;ai regard\u00e9 certains tutos de Mr Wellington ! <\/p>\n<p>\nLe &quot;TaGueul&quot;  <\/p>\n<p>Le Titre: Le &quot;TaGueuL&quot;! :\/ , shut-up ,, ..pourquoi,?? gratuitement<br \/>\nTout le monde en arrive dans sa journ\u00e9e, \u00e0 dire \u00e0 un moment ou un autre : ta gueule ! ferme ta gueule !! shut-up !  ..Et si on ne le dit pas tout haut, le nombre de fois ou il est employ\u00e9 tout bas, ce &quot;TaGueul&quot; est impressionnant j&#039;en suis tr\u00e8s certain. <br \/>\nici, il s&#039;agit du &quot;ta gueule&quot; \u00e0 soi-m\u00eame. Le &quot;Tagueul-inside&quot;, le &quot;own-TaGueuL&quot;<br \/>\nl&#039;artiste parlant \u00e0 l&#039;artiste, .. s&#039;auto-convaincre,  ..s&#039;auto-proclamer, ..quelque fois on en a marre, on talk on talk ,, on se re-talk et ,, et au final , on se dit &quot;TaGueuL !!! <br \/>\n   Le personnage \u00e0 la t\u00eate groggy en toute conscience r\u00e9pond &quot;TaGueuL&quot; au petit &quot;inconscient&quot; (son inconscient int\u00e9rieur), qui lui tends un cintre et l&#039;invective : &quot; Quel costume vas-tu porter aujourd&#039;hui ?&quot; <\/p>\n<p> FACE AU MONSTRE CREATION<br \/>\n ON DOIT REVETIR DIVERS COSTUMES<\/p>\n<p>       Alors pour s&#039;en sortir, l&#039;artiste se mets \u00e0 penser \u00e0 autre chose pour divertir son esprit, un r\u00e9bus, une charade, ..une devinette, faire divaguer son esprit ..<\/p>\n<p>   &#8211;    une \u00e9nigme en 6 lettres :       ARTIST :\/  _ _ _ _ _ _<br \/>\n                                                                                  a  r  t  i  s  t = 6<br \/>\n                                                                                  _ _ _ _ _ _ :  g e n  i  u  s \/ F  u  c  k  e                                                                                                                                   <br \/>\n                                                                            r \/ P u t a i n \/ K a p u t t \/                                                                                                                                    <br \/>\n                                                                F \u00e9 c h i \u00e9 \/ C o s t u M \/ C o s m o s \/<br \/>\n                                                                        (Artist &#8211; rollup &#8211; takeit &#8211; MyFace &#8211; on\/off ..<br \/>\n          (*les mots plac\u00e9s ici le sont pour l&#039;exemple, ce ne sont pas forc\u00e9ment ceux que j&#039;ai plac\u00e9s dans l&#039;\u0153uvre)<br \/>\n           Tous, des mots v\u00e9ritables ou combin\u00e9s ou invent\u00e9s, mais toujours en &quot;6&quot; Lettres. <br \/>\nC&#039;est le jeu, pour divertir son esprit , le perdre volontairement.<br \/>\nVoici pour le Titre : L&#039;Artiste se dit \u00e0 lui-m\u00eame &quot;Tagueul&quot;, enfin \u00e0 son inconscient, puis r\u00e9fl\u00e9chi sur l&#039;\u00e9nigme\/charade pour ne plus penser aux costumes \u00e0 porter.<\/p>\n<p>\n La &quot;T\u00eate&quot; \u00e0 pr\u00e9sent : Il est vrai que c&#039;est quand-m\u00eame la m\u00eame t\u00eate qu&#039;une celle de Jean Michel Basquiat pour une de ses repr\u00e9sentations de Sugar Ray Robinson, hein !? ton histoire !! ..?<\/p>\n<p>  -oui (la t\u00e9l\u00e9 \u00e9tait allum\u00e9 sur YouTube , un doc. sur Basquiat et j&#039;ai vu cette \u0153uvre de Basquiat, et au d\u00e9part c&#039;\u00e9tait comme un exercice, une &quot;envie*, ., une envie trop forte^^ de refaire du Basquiat. <br \/>\nParce qu&#039; il est &quot;G\u00e9nial^^<\/p>\n<p>Maintenant, il s&#039;agit effectivement de la m\u00eame tronche que celle de Basquiat dans une de ses repr\u00e9sentation de Sugar Ray Robinson , mais il y a quand m\u00eame de nombreuses diff\u00e9rences <br \/>\nla sienne est conqu\u00e9rante, ses yeux sont tout ronds , grands brillants, la repr\u00e9sentation d&#039;un conqu\u00e9rant, il l\u00e8ve les bras en signe de victoire sa bouche est conqu\u00e9rante ( le prot\u00e8ge-dents rajoute sans doute \u00e0 cet effet), ,pour la mienne de repr\u00e9sentation, il est plut\u00f4t abattu , d\u00e9fait, il en a marre de ce petit &quot;inconscient&quot; qui l&#039;invective sans cesse il l\u00e8ve un bras de d\u00e9sespoir il appelle au-secours il ne sait plus , plusieurs routes, chemins sortant du cot\u00e9 de sa t\u00eate, s&#039;offrent \u00e0 lui, jusqu&#039;\u00e0 un rond point, (on tourne souvent en rond) , il a un \u0153il rouge , l&#039;autre verdoyant, et 4 \u00e9pines dans l&#039;\u0153il gauche, les tons sont vert\/jaune stressants (Not the wellington&#039;ian :&quot;Vert-Noir&quot; ), il est stress\u00e9 \u00e0 mort (Vert-Stress-Mort) : il y a cette montre-gousset qui pend au bout d&#039;une route qui part de sa t\u00eate, il a une grande oreille comme dans le portrait de Basquiat (mais pour Basquiat, c&#039;est sans doute le casque du boxeur qu&#039;il a signifi\u00e9), moi c&#039;est une grande oreille pour entendre, peut-\u00eatre n\u00e9anmoins, ce petit &quot;inconscient&quot; qui lui demande toujours, sans cesse, quel costume il va porter aujourd&#039;hui ! Et il y a comme un &#039;objet qui se visse&#039; ou un &quot;poin\u00e7on&quot;, oui un &quot;poin\u00e7on&quot; qui lui entre dans l&#039;oreille (Folie ^), on tente de lui apposer la marque par un poin\u00e7on, pour certifier de son authenticit\u00e9, ..c&#039;est not\u00e9 au-dessus :&quot;me&quot;. Bon le miens a aussi comme un casque sur la t\u00eate, mais en fait, moi c&#039;est une \u00e9chelle dans le cerveau , plus^. Pour aller chercher tout les petits bouts par-ci par-l\u00e0! ^^<br \/>\nil est annot\u00e9 OFF au dessus de sa t\u00eate , il est en &quot;Mode&quot; &quot;Off \/marre \/ TaGueul&quot;  ( _ chez Basquiat c&#039;est un &#039;Of&#039;, peut-\u00eatre (? marquant la fin du combat, du temps imparti, avec un seul &quot;f&quot; , ..le sien est vainqueur, le miens est perdant, le miens a une t\u00eate bien plus triste sa bouche n&#039;est pas conqu\u00e9rante <br \/>\nil est annot\u00e9 TAGUEUL  dessous, et en dessous encore, \u00e0 peine visible, &quot;ur usai&quot; \/uru se e (ta gueule en Japonais , .. ^ double-TaGueuL<br \/>\nle siens a box\u00e9, le miens s&#039;est fait boxer.<\/p>\n<p>  Il y a une charade qui sort du adre cot\u00e9 droit, le cadre coupe la charade de telle fa\u00e7ons qu&#039;on est oblig\u00e9 de deviner ce que j&#039;y ai inscrit.<\/p>\n<p>       il y a deux partie \u00e0 cette \u0153uvre, la partie encadr\u00e9e, (\u00e0 la limite, c&#039;est &quot;normal&quot;!), mais il y a une 2\u00e8m partie, l&#039;\u0153uvre sort du cadre cot\u00e9 droit, un peu comme la pens\u00e9e divague ^^ et il y a ce R\u00e9bus, enfin, non, une charade plut\u00f4t, oui, un brain-storming-Charade, celui-ci est &#039;cut&#039; en plein milieu par le cot\u00e9 droit du cadre, le spectateur ne pouvant ainsi que deviner les mots (mots transform\u00e9s\/ mots invent\u00e9s\/ vrai mots) \u00e0 6 Lettres tel que le mot &quot;A.R.T.I.S.T &quot;en comprend,(c&#039;est l\u00e9g\u00e8rement d\u00e9cal\u00e9, mais on peut comprendre) . <\/p>\n<p>         Il y a une partie lisible, il est \u00e9crit :<br \/>\n&quot;Kan\u2019nin wa issh\u00f4 no takara&quot; \/ &#039;La Patience est le tr\u00e9sor de la vie&#039; (Proverbe Japonais) (pour calmer, slow down, l&#039;Artist&#039;).<br \/>\nla patience est le tr\u00e9sor de la vie. Ce proverbe Japonais souligne l\u2019importance de la patience, \u00e9troitement li\u00e9 \u00e0 la pers\u00e9v\u00e9rance, il faut souvent attendre pour voir les r\u00e9sultats de ses efforts. <br \/>\n  il y a aussi un &quot;mode d&#039;emploi&quot; ^^:  \u2013 tant qu&#039;on fait pas tout soi-m\u00eame , on d\u00e9pend.                         <\/p>\n<p>\n&quot;TaGueuL&quot; : mixed-tech. on paperCardboard (carton\/: EMBAL&#039;alu \/aluminium fol.. 20m\u00d728 cm) -Verso imprim\u00e9 de l&#039;emballage visible sur la partie qui d\u00e9borde l&#039;\u0153uvre, si on regarde derri\u00e8re. -Recto visible \/ &quot;\u00e9criture&quot;<br \/>\nmixt-Tech. :  peint. AcryL \u2013 Marker BLack \u2013 BLanco correcteur \u2013 Roller&#039;point 0,7\/ 0,5 \u2013 Feutre <\/p>\n<p><\/p>","protected":false},"excerpt":{"rendered":"<a href=\"https:\/\/galeriaazur.art\/esp\/artist\/frederic-blondiaux\/\">Fr\u00e9d\u00e9ric Blondiaux<\/a>","protected":false},"author":2819,"featured_media":0,"template":"","meta":{"_et_pb_use_builder":"o","_et_pb_old_content":"","_et_gb_content_width":""},"product_cat":[400,24],"product_tag":[],"acf":[],"_links":{"self":[{"href":"https:\/\/galeriaazur.art\/esp\/wp-json\/wp\/v2\/product\/366111"}],"collection":[{"href":"https:\/\/galeriaazur.art\/esp\/wp-json\/wp\/v2\/product"}],"about":[{"href":"https:\/\/galeriaazur.art\/esp\/wp-json\/wp\/v2\/types\/product"}],"author":[{"embeddable":true,"href":"https:\/\/galeriaazur.art\/esp\/wp-json\/wp\/v2\/users\/2819"}],"wp:attachment":[{"href":"https:\/\/galeriaazur.art\/esp\/wp-json\/wp\/v2\/media?parent=366111"}],"wp:term":[{"taxonomy":"product_cat","embeddable":true,"href":"https:\/\/galeriaazur.art\/esp\/wp-json\/wp\/v2\/product_cat?post=366111"},{"taxonomy":"product_tag","embeddable":true,"href":"https:\/\/galeriaazur.art\/esp\/wp-json\/wp\/v2\/product_tag?post=366111"}],"curies":[{"name":"wp","href":"https:\/\/api.w.org\/{rel}","templated":true}]}}