{"id":365902,"date":"2025-02-25T17:58:03","date_gmt":"2025-02-25T20:58:03","guid":{"rendered":"https:\/\/galeriaazur.art\/?post_type=product&#038;p=365902"},"modified":"2025-02-26T12:11:54","modified_gmt":"2025-02-26T15:11:54","slug":"plantacao-de-trigo-ao-entardecer-1","status":"publish","type":"product","link":"https:\/\/galeriaazur.art\/esp\/artwork\/plantacao-de-trigo-ao-entardecer-1\/","title":{"rendered":"PLANTA\u00c7\u00c3O DE TRIGO AO ENTARDECER (1)"},"content":{"rendered":"<p>This work &quot;Planta\u00e7\u00e3o de Trigo ao Entardecer &quot; is part of the series called &quot;Dimens\u00f5es do Gesto&quot;, created in 2023. Acrylic on canvas, made with the strength of a straw broom instead of brushes. On the canvas, the result is a lot of expressiveness, many layers of paint, and intense colors.<\/p>","protected":false},"excerpt":{"rendered":"<a href=\"https:\/\/galeriaazur.art\/esp\/artist\/maria-isabel-ferreira-da-silva\/\">Isabel Ferreira<\/a>","protected":false},"author":2827,"featured_media":365904,"template":"","meta":{"_et_pb_use_builder":"o","_et_pb_old_content":"","_et_gb_content_width":""},"product_cat":[140,372],"product_tag":[],"acf":[],"_links":{"self":[{"href":"https:\/\/galeriaazur.art\/esp\/wp-json\/wp\/v2\/product\/365902"}],"collection":[{"href":"https:\/\/galeriaazur.art\/esp\/wp-json\/wp\/v2\/product"}],"about":[{"href":"https:\/\/galeriaazur.art\/esp\/wp-json\/wp\/v2\/types\/product"}],"author":[{"embeddable":true,"href":"https:\/\/galeriaazur.art\/esp\/wp-json\/wp\/v2\/users\/2827"}],"wp:featuredmedia":[{"embeddable":true,"href":"https:\/\/galeriaazur.art\/esp\/wp-json\/wp\/v2\/media\/365904"}],"wp:attachment":[{"href":"https:\/\/galeriaazur.art\/esp\/wp-json\/wp\/v2\/media?parent=365902"}],"wp:term":[{"taxonomy":"product_cat","embeddable":true,"href":"https:\/\/galeriaazur.art\/esp\/wp-json\/wp\/v2\/product_cat?post=365902"},{"taxonomy":"product_tag","embeddable":true,"href":"https:\/\/galeriaazur.art\/esp\/wp-json\/wp\/v2\/product_tag?post=365902"}],"curies":[{"name":"wp","href":"https:\/\/api.w.org\/{rel}","templated":true}]}}