{"id":362844,"date":"2025-01-29T17:19:46","date_gmt":"2025-01-29T20:19:46","guid":{"rendered":"https:\/\/galeriaazur.art\/?post_type=product&#038;p=362844"},"modified":"2025-01-30T10:42:02","modified_gmt":"2025-01-30T13:42:02","slug":"look-1","status":"publish","type":"product","link":"https:\/\/galeriaazur.art\/esp\/artwork\/look-1\/","title":{"rendered":"Look # 1"},"content":{"rendered":"<p>732 piezas en acr\u00edlico (plexiglass) cristal, escaladas en 8 tama\u00f1os, sobre placa base en acr\u00edlico 5 mm blanco.  <\/p>\n<p>Favor visitar el siguiente enlace para comprenderla:   https:\/\/www.instagram.com\/reel\/CopO2sxO8o8\/?igsh=czhyNmQwaXJsY25t<\/p>","protected":false},"excerpt":{"rendered":"<a href=\"https:\/\/galeriaazur.art\/esp\/artist\/carlos-escandon-a\/\">Carlos Escand\u00f3n a<\/a>","protected":false},"author":2761,"featured_media":362846,"template":"","meta":{"_et_pb_use_builder":"o","_et_pb_old_content":"","_et_gb_content_width":""},"product_cat":[392,101],"product_tag":[],"acf":[],"_links":{"self":[{"href":"https:\/\/galeriaazur.art\/esp\/wp-json\/wp\/v2\/product\/362844"}],"collection":[{"href":"https:\/\/galeriaazur.art\/esp\/wp-json\/wp\/v2\/product"}],"about":[{"href":"https:\/\/galeriaazur.art\/esp\/wp-json\/wp\/v2\/types\/product"}],"author":[{"embeddable":true,"href":"https:\/\/galeriaazur.art\/esp\/wp-json\/wp\/v2\/users\/2761"}],"wp:featuredmedia":[{"embeddable":true,"href":"https:\/\/galeriaazur.art\/esp\/wp-json\/wp\/v2\/media\/362846"}],"wp:attachment":[{"href":"https:\/\/galeriaazur.art\/esp\/wp-json\/wp\/v2\/media?parent=362844"}],"wp:term":[{"taxonomy":"product_cat","embeddable":true,"href":"https:\/\/galeriaazur.art\/esp\/wp-json\/wp\/v2\/product_cat?post=362844"},{"taxonomy":"product_tag","embeddable":true,"href":"https:\/\/galeriaazur.art\/esp\/wp-json\/wp\/v2\/product_tag?post=362844"}],"curies":[{"name":"wp","href":"https:\/\/api.w.org\/{rel}","templated":true}]}}