{"id":362833,"date":"2025-01-29T17:02:26","date_gmt":"2025-01-29T20:02:26","guid":{"rendered":"https:\/\/galeriaazur.art\/?post_type=product&#038;p=362833"},"modified":"2025-01-30T10:42:07","modified_gmt":"2025-01-30T13:42:07","slug":"rombo","status":"publish","type":"product","link":"https:\/\/galeriaazur.art\/esp\/artwork\/rombo\/","title":{"rendered":"Rombo"},"content":{"rendered":"<p>Obra cin\u00e9tica.  <\/p>\n<p>Base madera con pintura poliuretano + resina (50 cm x 35 cm x 7 cm), soporte en acero cromado. 4 vistas diferentes. Opci\u00f3n de exhibici\u00f3n suspendida con guaya de acero.  Tama\u00f1o: 60 cm x 60 cm (90 cm envergadura) x 110 cm alto.  <\/p>\n<p>Favor visitar este link para comprenderla mejor:  https:\/\/www.instagram.com\/reel\/C4BS9IHL3ru\/?igsh=MTB2MG1mMHh0YjB0ZA==<\/p>","protected":false},"excerpt":{"rendered":"<a href=\"https:\/\/galeriaazur.art\/esp\/artist\/carlos-escandon-a\/\">Carlos Escand\u00f3n a<\/a>","protected":false},"author":2761,"featured_media":362835,"template":"","meta":{"_et_pb_use_builder":"o","_et_pb_old_content":"","_et_gb_content_width":""},"product_cat":[392,101],"product_tag":[],"acf":[],"_links":{"self":[{"href":"https:\/\/galeriaazur.art\/esp\/wp-json\/wp\/v2\/product\/362833"}],"collection":[{"href":"https:\/\/galeriaazur.art\/esp\/wp-json\/wp\/v2\/product"}],"about":[{"href":"https:\/\/galeriaazur.art\/esp\/wp-json\/wp\/v2\/types\/product"}],"author":[{"embeddable":true,"href":"https:\/\/galeriaazur.art\/esp\/wp-json\/wp\/v2\/users\/2761"}],"wp:featuredmedia":[{"embeddable":true,"href":"https:\/\/galeriaazur.art\/esp\/wp-json\/wp\/v2\/media\/362835"}],"wp:attachment":[{"href":"https:\/\/galeriaazur.art\/esp\/wp-json\/wp\/v2\/media?parent=362833"}],"wp:term":[{"taxonomy":"product_cat","embeddable":true,"href":"https:\/\/galeriaazur.art\/esp\/wp-json\/wp\/v2\/product_cat?post=362833"},{"taxonomy":"product_tag","embeddable":true,"href":"https:\/\/galeriaazur.art\/esp\/wp-json\/wp\/v2\/product_tag?post=362833"}],"curies":[{"name":"wp","href":"https:\/\/api.w.org\/{rel}","templated":true}]}}