{"id":362808,"date":"2025-01-29T15:46:51","date_gmt":"2025-01-29T18:46:51","guid":{"rendered":"https:\/\/galeriaazur.art\/?post_type=product&#038;p=362808"},"modified":"2025-01-30T10:42:17","modified_gmt":"2025-01-30T13:42:17","slug":"tributo-8-andy-warhol","status":"publish","type":"product","link":"https:\/\/galeriaazur.art\/esp\/artwork\/tributo-8-andy-warhol\/","title":{"rendered":"Tributo # 8 &#8211; Andy Warhol"},"content":{"rendered":"<p>Obra cin\u00e9tica de la serie &quot;Tributo&quot;, la cual nace como un homenaje a los grandes artistas y se compone de dos obras laterales de Warhol y en la parte central su foto y firma.  <\/p>\n<p>Tributo # 8 &#8211; Andy Warhol esta desarrollada para generar interacci\u00f3n con el espectador, oblig\u00e1ndolo a escudri\u00f1arla en profundidad a fin de identificar las im\u00e1genes que la componen, ya que se mezclan en algo nuevo desde cualquier \u00e1ngulo que se observe. La t\u00e9cnica utilizada la he denominado &quot;Cinismo 3D&quot;.<\/p>\n<p>Mi objetivo como artista en esta obra es que el espectador tenga sentimientos de asombro y curiosidad por lo que ve.<\/p>","protected":false},"excerpt":{"rendered":"<a href=\"https:\/\/galeriaazur.art\/esp\/artist\/carlos-escandon-a\/\">Carlos Escand\u00f3n a<\/a>","protected":false},"author":2761,"featured_media":362809,"template":"","meta":{"_et_pb_use_builder":"o","_et_pb_old_content":"","_et_gb_content_width":""},"product_cat":[392,101],"product_tag":[],"acf":[],"_links":{"self":[{"href":"https:\/\/galeriaazur.art\/esp\/wp-json\/wp\/v2\/product\/362808"}],"collection":[{"href":"https:\/\/galeriaazur.art\/esp\/wp-json\/wp\/v2\/product"}],"about":[{"href":"https:\/\/galeriaazur.art\/esp\/wp-json\/wp\/v2\/types\/product"}],"author":[{"embeddable":true,"href":"https:\/\/galeriaazur.art\/esp\/wp-json\/wp\/v2\/users\/2761"}],"wp:featuredmedia":[{"embeddable":true,"href":"https:\/\/galeriaazur.art\/esp\/wp-json\/wp\/v2\/media\/362809"}],"wp:attachment":[{"href":"https:\/\/galeriaazur.art\/esp\/wp-json\/wp\/v2\/media?parent=362808"}],"wp:term":[{"taxonomy":"product_cat","embeddable":true,"href":"https:\/\/galeriaazur.art\/esp\/wp-json\/wp\/v2\/product_cat?post=362808"},{"taxonomy":"product_tag","embeddable":true,"href":"https:\/\/galeriaazur.art\/esp\/wp-json\/wp\/v2\/product_tag?post=362808"}],"curies":[{"name":"wp","href":"https:\/\/api.w.org\/{rel}","templated":true}]}}