{"id":362805,"date":"2025-01-29T15:34:06","date_gmt":"2025-01-29T18:34:06","guid":{"rendered":"https:\/\/galeriaazur.art\/?post_type=product&#038;p=362805"},"modified":"2025-01-30T10:42:19","modified_gmt":"2025-01-30T13:42:19","slug":"look-2","status":"publish","type":"product","link":"https:\/\/galeriaazur.art\/esp\/artwork\/look-2\/","title":{"rendered":"Look # 2."},"content":{"rendered":"<p>Obra cin\u00e9tica desarrollada para generar interacci\u00f3n con el espectador, oblig\u00e1ndolo a escudri\u00f1arla en profundidad a fin de identificar las im\u00e1genes que la componen, ya que se mezclan en algo nuevo desde cualquier \u00e1ngulo que se observe. <\/p>\n<p>Mi objetivo como artista en esta obra es que el espectador tenga sentimientos de asombro y curiosidad por lo que ve.<\/p>","protected":false},"excerpt":{"rendered":"<a href=\"https:\/\/galeriaazur.art\/esp\/artist\/carlos-escandon-a\/\">Carlos Escand\u00f3n a<\/a>","protected":false},"author":2761,"featured_media":362806,"template":"","meta":{"_et_pb_use_builder":"o","_et_pb_old_content":"","_et_gb_content_width":""},"product_cat":[392,101],"product_tag":[],"acf":[],"_links":{"self":[{"href":"https:\/\/galeriaazur.art\/esp\/wp-json\/wp\/v2\/product\/362805"}],"collection":[{"href":"https:\/\/galeriaazur.art\/esp\/wp-json\/wp\/v2\/product"}],"about":[{"href":"https:\/\/galeriaazur.art\/esp\/wp-json\/wp\/v2\/types\/product"}],"author":[{"embeddable":true,"href":"https:\/\/galeriaazur.art\/esp\/wp-json\/wp\/v2\/users\/2761"}],"wp:featuredmedia":[{"embeddable":true,"href":"https:\/\/galeriaazur.art\/esp\/wp-json\/wp\/v2\/media\/362806"}],"wp:attachment":[{"href":"https:\/\/galeriaazur.art\/esp\/wp-json\/wp\/v2\/media?parent=362805"}],"wp:term":[{"taxonomy":"product_cat","embeddable":true,"href":"https:\/\/galeriaazur.art\/esp\/wp-json\/wp\/v2\/product_cat?post=362805"},{"taxonomy":"product_tag","embeddable":true,"href":"https:\/\/galeriaazur.art\/esp\/wp-json\/wp\/v2\/product_tag?post=362805"}],"curies":[{"name":"wp","href":"https:\/\/api.w.org\/{rel}","templated":true}]}}