{"id":362551,"date":"2025-01-27T23:28:47","date_gmt":"2025-01-28T02:28:47","guid":{"rendered":"https:\/\/galeriaazur.art\/?post_type=product&#038;p=362551"},"modified":"2025-01-30T10:42:21","modified_gmt":"2025-01-30T13:42:21","slug":"look-3","status":"publish","type":"product","link":"https:\/\/galeriaazur.art\/esp\/artwork\/look-3\/","title":{"rendered":"Look # 3."},"content":{"rendered":"<p>Look # 3 es una obra cin\u00e9tica perteneciente a la serie &quot;Look&quot; la cual muestra al espectador algo \u00fanico desde cualquier \u00e1ngulo a trav\u00e9s de la combinaci\u00f3n, reflejo y superposici\u00f3n visual de las 3 im\u00e1genes que la conforman en una sola. La serie Look est\u00e1 creada para obligar al espectador a &quot;descomponer &quot; lo que esta observando e identificar que im\u00e1genes componen la obra.<\/p>","protected":false},"excerpt":{"rendered":"<a href=\"https:\/\/galeriaazur.art\/esp\/artist\/carlos-escandon-a\/\">Carlos Escand\u00f3n a<\/a>","protected":false},"author":2761,"featured_media":362552,"template":"","meta":{"_et_pb_use_builder":"o","_et_pb_old_content":"","_et_gb_content_width":""},"product_cat":[392,101],"product_tag":[],"acf":[],"_links":{"self":[{"href":"https:\/\/galeriaazur.art\/esp\/wp-json\/wp\/v2\/product\/362551"}],"collection":[{"href":"https:\/\/galeriaazur.art\/esp\/wp-json\/wp\/v2\/product"}],"about":[{"href":"https:\/\/galeriaazur.art\/esp\/wp-json\/wp\/v2\/types\/product"}],"author":[{"embeddable":true,"href":"https:\/\/galeriaazur.art\/esp\/wp-json\/wp\/v2\/users\/2761"}],"wp:featuredmedia":[{"embeddable":true,"href":"https:\/\/galeriaazur.art\/esp\/wp-json\/wp\/v2\/media\/362552"}],"wp:attachment":[{"href":"https:\/\/galeriaazur.art\/esp\/wp-json\/wp\/v2\/media?parent=362551"}],"wp:term":[{"taxonomy":"product_cat","embeddable":true,"href":"https:\/\/galeriaazur.art\/esp\/wp-json\/wp\/v2\/product_cat?post=362551"},{"taxonomy":"product_tag","embeddable":true,"href":"https:\/\/galeriaazur.art\/esp\/wp-json\/wp\/v2\/product_tag?post=362551"}],"curies":[{"name":"wp","href":"https:\/\/api.w.org\/{rel}","templated":true}]}}