{"id":362147,"date":"2025-01-23T11:38:51","date_gmt":"2025-01-23T14:38:51","guid":{"rendered":"https:\/\/galeriaazur.art\/?post_type=product&#038;p=362147"},"modified":"2025-01-23T11:38:51","modified_gmt":"2025-01-23T14:38:51","slug":"pasaje-rosa-pajaro-guia","status":"publish","type":"product","link":"https:\/\/galeriaazur.art\/esp\/artwork\/pasaje-rosa-pajaro-guia\/","title":{"rendered":"PASAJE ROSA, P\u00c1JARO GU\u00cdA"},"content":{"rendered":"<p>Acr\u00edlico sobre lienzo<br \/>\n100 x 150 cm<br \/>\nVendida<\/p>","protected":false},"excerpt":{"rendered":"<p>Acr\u00edlico sobre lienzo<br \/>\n100 x 150 cm<br \/>\nVendida<\/p>","protected":false},"author":442,"featured_media":362154,"template":"","meta":{"_et_pb_use_builder":"o","_et_pb_old_content":"","_et_gb_content_width":""},"product_cat":[22],"product_tag":[],"acf":[],"_links":{"self":[{"href":"https:\/\/galeriaazur.art\/esp\/wp-json\/wp\/v2\/product\/362147"}],"collection":[{"href":"https:\/\/galeriaazur.art\/esp\/wp-json\/wp\/v2\/product"}],"about":[{"href":"https:\/\/galeriaazur.art\/esp\/wp-json\/wp\/v2\/types\/product"}],"author":[{"embeddable":true,"href":"https:\/\/galeriaazur.art\/esp\/wp-json\/wp\/v2\/users\/442"}],"wp:featuredmedia":[{"embeddable":true,"href":"https:\/\/galeriaazur.art\/esp\/wp-json\/wp\/v2\/media\/362154"}],"wp:attachment":[{"href":"https:\/\/galeriaazur.art\/esp\/wp-json\/wp\/v2\/media?parent=362147"}],"wp:term":[{"taxonomy":"product_cat","embeddable":true,"href":"https:\/\/galeriaazur.art\/esp\/wp-json\/wp\/v2\/product_cat?post=362147"},{"taxonomy":"product_tag","embeddable":true,"href":"https:\/\/galeriaazur.art\/esp\/wp-json\/wp\/v2\/product_tag?post=362147"}],"curies":[{"name":"wp","href":"https:\/\/api.w.org\/{rel}","templated":true}]}}