{"id":361826,"date":"2024-12-13T19:36:43","date_gmt":"2024-12-13T22:36:43","guid":{"rendered":"https:\/\/galeriaazur.art\/?post_type=product&#038;p=361826"},"modified":"2025-01-22T12:20:44","modified_gmt":"2025-01-22T15:20:44","slug":"pequenos-descuidos","status":"publish","type":"product","link":"https:\/\/galeriaazur.art\/esp\/artwork\/pequenos-descuidos\/","title":{"rendered":"Peque\u00f1os descuidos"},"content":{"rendered":"<p>Peque\u00f1os Descuidos y la Micro historia de lo Visible<br \/>\nLa pintura Peque\u00f1os Descuidos,  representa una camioneta blanca en llamas sobre una carretera, un instante capturado en su tensi\u00f3n entre aparici\u00f3n y desaparici\u00f3n. Este t\u00edtulo, lejos de ser un mero acompa\u00f1amiento, introduce una clave interpretativa esencial: lo que vemos no es solo un evento, sino las consecuencias de un gesto m\u00ednimo, de un descuido que desata una cadena de significados y efectos. <br \/>\nEl blanco de la camioneta, que en otras circunstancias evocar\u00eda neutralidad o pureza, aqu\u00ed se transforma en un lienzo para el fuego. Las llamas no solo consumen, sino que inscriben, hacen visible aquello que habitualmente ser\u00eda ignorado: el instante en que el descuido se transforma en ruina. Este fuego, lejos de ser un mero elemento destructivo, ilumina y revela, convirti\u00e9ndose en un agente de memoria. Utilizo el contraste entre el blanco inmaculado y la combusti\u00f3n para subrayar la fragilidad inherente a toda construcci\u00f3n humana, especialmente cuando se enfrenta al azar.<br \/>\nLa carretera, un espacio de tr\u00e1nsito y velocidad, se convierte en esta obra en un lugar de pausa. Es el escenario donde lo ef\u00edmero se detiene y adquiere una densidad temporal. El t\u00edtulo, Peque\u00f1os Descuidos, nos recuerda que este momento de quiebre no surge de un gran acontecimiento, sino de un gesto m\u00ednimo, de algo casi imperceptible que desata consecuencias visibles y permanentes. En este sentido, la obra se alinea con el concepto de micro historia, que encuentra en lo peque\u00f1o, en lo aparentemente insignificante, las claves para entender din\u00e1micas m\u00e1s amplias y profundas.<\/p>","protected":false},"excerpt":{"rendered":"<a href=\"https:\/\/galeriaazur.art\/esp\/artist\/carola-sanchez\/\">Carola<\/a>","protected":false},"author":2763,"featured_media":361834,"template":"","meta":{"_et_pb_use_builder":"o","_et_pb_old_content":"","_et_gb_content_width":""},"product_cat":[392,101,24],"product_tag":[],"acf":[],"_links":{"self":[{"href":"https:\/\/galeriaazur.art\/esp\/wp-json\/wp\/v2\/product\/361826"}],"collection":[{"href":"https:\/\/galeriaazur.art\/esp\/wp-json\/wp\/v2\/product"}],"about":[{"href":"https:\/\/galeriaazur.art\/esp\/wp-json\/wp\/v2\/types\/product"}],"author":[{"embeddable":true,"href":"https:\/\/galeriaazur.art\/esp\/wp-json\/wp\/v2\/users\/2763"}],"wp:featuredmedia":[{"embeddable":true,"href":"https:\/\/galeriaazur.art\/esp\/wp-json\/wp\/v2\/media\/361834"}],"wp:attachment":[{"href":"https:\/\/galeriaazur.art\/esp\/wp-json\/wp\/v2\/media?parent=361826"}],"wp:term":[{"taxonomy":"product_cat","embeddable":true,"href":"https:\/\/galeriaazur.art\/esp\/wp-json\/wp\/v2\/product_cat?post=361826"},{"taxonomy":"product_tag","embeddable":true,"href":"https:\/\/galeriaazur.art\/esp\/wp-json\/wp\/v2\/product_tag?post=361826"}],"curies":[{"name":"wp","href":"https:\/\/api.w.org\/{rel}","templated":true}]}}