{"id":361823,"date":"2024-12-13T17:52:39","date_gmt":"2024-12-13T20:52:39","guid":{"rendered":"https:\/\/galeriaazur.art\/?post_type=product&#038;p=361823"},"modified":"2025-01-22T12:20:51","modified_gmt":"2025-01-22T15:20:51","slug":"nunca-tuvimos-ese-auto","status":"publish","type":"product","link":"https:\/\/galeriaazur.art\/esp\/artwork\/nunca-tuvimos-ese-auto\/","title":{"rendered":"Nunca tuvimos ese auto"},"content":{"rendered":"<p>&quot;Nunca manej\u00e9 este auto&quot;<br \/>\nEl acr\u00edlico se despliega como una paradoja visual, un espacio donde la ausencia cobra presencia. Pinte el interior de un autom\u00f3vil desde un punto de vista lateral, para dejar al espectador en el lugar de un testigo invisible, atrapado entre el movimiento potencial del veh\u00edculo y la quietud inquietante de quien lo ocupa.<br \/>\nLa figura de la mujer al volante es una omisi\u00f3n deliberada, una forma negativa que irradia tanto silencio como significado. No es simplemente la ausencia de color, sino la inscripci\u00f3n de un vac\u00edo que habla. Ella no completada, no maneja el auto: maneja nuestra percepci\u00f3n de lo que falta.<br \/>\nEste vac\u00edo se convierte en un s\u00edmbolo inquietante. La ausencia de cuerpo y color en un espacio tan \u00edntimo como el interior del veh\u00edculo provoca una ruptura. \u00bfQui\u00e9n es esta mujer que no conduce pero est\u00e1 al volante? \u00bfQu\u00e9 memoria, deseo o distancia la mantiene suspendida en ese trazo incompleto?<br \/>\nEl t\u00edtulo, &quot;Nunca manej\u00e9 este auto&quot;, resuena como una confesi\u00f3n y una renuncia. Nos enfrenta a la idea de control y de p\u00e9rdida, de lo que pudo haberse movido y no lo hizo. Es un cuadro que, en su econom\u00eda de elementos, se convierte en un paisaje emocional: un interior donde la presencia y la ausencia, el movimiento y la inercia, dialogan en el espacio ambiguo de la representaci\u00f3n<\/p>","protected":false},"excerpt":{"rendered":"<a href=\"https:\/\/galeriaazur.art\/esp\/artist\/carola-sanchez\/\">Carola<\/a>","protected":false},"author":2763,"featured_media":361831,"template":"","meta":{"_et_pb_use_builder":"o","_et_pb_old_content":"","_et_gb_content_width":""},"product_cat":[392,101,24],"product_tag":[],"acf":[],"_links":{"self":[{"href":"https:\/\/galeriaazur.art\/esp\/wp-json\/wp\/v2\/product\/361823"}],"collection":[{"href":"https:\/\/galeriaazur.art\/esp\/wp-json\/wp\/v2\/product"}],"about":[{"href":"https:\/\/galeriaazur.art\/esp\/wp-json\/wp\/v2\/types\/product"}],"author":[{"embeddable":true,"href":"https:\/\/galeriaazur.art\/esp\/wp-json\/wp\/v2\/users\/2763"}],"wp:featuredmedia":[{"embeddable":true,"href":"https:\/\/galeriaazur.art\/esp\/wp-json\/wp\/v2\/media\/361831"}],"wp:attachment":[{"href":"https:\/\/galeriaazur.art\/esp\/wp-json\/wp\/v2\/media?parent=361823"}],"wp:term":[{"taxonomy":"product_cat","embeddable":true,"href":"https:\/\/galeriaazur.art\/esp\/wp-json\/wp\/v2\/product_cat?post=361823"},{"taxonomy":"product_tag","embeddable":true,"href":"https:\/\/galeriaazur.art\/esp\/wp-json\/wp\/v2\/product_tag?post=361823"}],"curies":[{"name":"wp","href":"https:\/\/api.w.org\/{rel}","templated":true}]}}