{"id":361821,"date":"2024-12-13T16:45:22","date_gmt":"2024-12-13T19:45:22","guid":{"rendered":"https:\/\/galeriaazur.art\/?post_type=product&#038;p=361821"},"modified":"2025-01-22T12:20:53","modified_gmt":"2025-01-22T15:20:53","slug":"intervalo-2-de-la-serie-25-intervalos","status":"publish","type":"product","link":"https:\/\/galeriaazur.art\/esp\/artwork\/intervalo-2-de-la-serie-25-intervalos\/","title":{"rendered":"Intervalo 2 de la serie 25 intervalos"},"content":{"rendered":"<p>Intervalo 2 de la serie 25 Intervalos, Carola S\u00e1nchez; construye un espacio donde el tiempo se suspende y el ojo del espectador es obligado a detenerse, a reconsiderar. El blanco y negro no es aqu\u00ed una reducci\u00f3n crom\u00e1tica, sino una elecci\u00f3n que permite poner en juego la luz y la sombra como protagonistas, un gesto que revela y, al mismo tiempo, oculta.<br \/>\nEl hecho de que una de las ventanas est\u00e9 pintado de blanco o omitida, introduce un contraste radical, casi violento, que no solo lo destaca, sino que lo inscribe en un lugar ambiguo: \u00bfaparece m\u00e1s o se desvanece en su luminosidad? El blanco, lejos de ser un vac\u00edo, se convierte en una superficie de reflejo, un espacio de intensidad que recuerda lo que Didi-Huberman describe como aparecer-desaparecer, un fen\u00f3meno donde lo visible insiste en mostrarse mientras deja entrever sus bordes, su fragilidad, su inminencia.<br \/>\nEl t\u00edtulo mismo, 25 Intervalos, nos remite a una idea temporal. Un intervalo es un tiempo entre tiempos, un espacio entre presencias. Esta obra parece inscribir en su materia esa noci\u00f3n: la ventana pintada de blanco no est\u00e1 fija, sino que vibra, aparece y desaparece en su confrontaci\u00f3n con el negro circundante. Es un gesto que abre preguntas: \u00bfqu\u00e9 significa destacarse? \u00bfQu\u00e9 significa desaparecer dentro de la luz? \u00bfQu\u00e9 significa ocupar un espacio de intervalo?<br \/>\nLa obra no representa, sino que interpela. En su econom\u00eda crom\u00e1tica y su juego con los contrastes, Carola S\u00e1nchez nos recuerda que la pintura no es solo un acto visual, sino un acto de pensamiento. Nos coloca frente a un umbral donde lo que vemos no est\u00e1 del todo dado, sino que insiste, late y nos obliga a mirar m\u00e1s all\u00e1.<\/p>","protected":false},"excerpt":{"rendered":"<a href=\"https:\/\/galeriaazur.art\/esp\/artist\/carola-sanchez\/\">Carola<\/a>","protected":false},"author":2763,"featured_media":361829,"template":"","meta":{"_et_pb_use_builder":"o","_et_pb_old_content":"","_et_gb_content_width":""},"product_cat":[392,101,24],"product_tag":[],"acf":[],"_links":{"self":[{"href":"https:\/\/galeriaazur.art\/esp\/wp-json\/wp\/v2\/product\/361821"}],"collection":[{"href":"https:\/\/galeriaazur.art\/esp\/wp-json\/wp\/v2\/product"}],"about":[{"href":"https:\/\/galeriaazur.art\/esp\/wp-json\/wp\/v2\/types\/product"}],"author":[{"embeddable":true,"href":"https:\/\/galeriaazur.art\/esp\/wp-json\/wp\/v2\/users\/2763"}],"wp:featuredmedia":[{"embeddable":true,"href":"https:\/\/galeriaazur.art\/esp\/wp-json\/wp\/v2\/media\/361829"}],"wp:attachment":[{"href":"https:\/\/galeriaazur.art\/esp\/wp-json\/wp\/v2\/media?parent=361821"}],"wp:term":[{"taxonomy":"product_cat","embeddable":true,"href":"https:\/\/galeriaazur.art\/esp\/wp-json\/wp\/v2\/product_cat?post=361821"},{"taxonomy":"product_tag","embeddable":true,"href":"https:\/\/galeriaazur.art\/esp\/wp-json\/wp\/v2\/product_tag?post=361821"}],"curies":[{"name":"wp","href":"https:\/\/api.w.org\/{rel}","templated":true}]}}