{"id":361772,"date":"2025-01-18T14:06:25","date_gmt":"2025-01-18T17:06:25","guid":{"rendered":"https:\/\/galeriaazur.art\/?post_type=product&#038;p=361772"},"modified":"2025-01-20T11:19:48","modified_gmt":"2025-01-20T14:19:48","slug":"pinefine","status":"publish","type":"product","link":"https:\/\/galeriaazur.art\/esp\/artwork\/pinefine\/","title":{"rendered":"PINEFINE"},"content":{"rendered":"<p>WOODEN SCULPTURE &#8211; CARVED AND PAINTED WITH A CHAINSAW. THE SCULPTURES WITH HUMAN FEATURES SEEM TO DISSOLVE, REBUILD OR REASSEMBLE IN A DIFFERENT FORM.<\/p>\n<p>THE STORY ABOUT:<br \/>\nIN HER FORMER LIFE, PINEFINE WAS A PINEAPPLE TREE ON A SOUTHERN SLOPE IN KARAKORUM. DUE TO THE DEVASTATING FOREST FIRES OF 2008, WHICH ALSO DEVASTATED OTHER PINEAPPLE REGIONS, PINEFINE HAD TO GIVE UP HER FRUIT EXISTENCE.<br \/>\nTHANKS TO THE LOCAL REBIRTH, SHE HAS NOW REACHED NEW HEIGHTS AS A BAR DANCER IN GOA ON THE INDIAN SUBCONTINENT. OF COURSE, THAT\u2018S A WHOLE DIFFERENT BALL GAME. HER COCKTAIL PREFERENCE IS CLEARLY PINACOLADA!<\/p>\n<p>PINEFINE WAR IN IHREM FR\u00dcHEREN LEBEN EIN ANANASBAUM AN EINEM S\u00dcDHANG IN KARAKORUM. DURCH DIE VERHEERENDEN WALDBR\u00c4NDE VON 2008, DIE AUCH ANDERE ANANASREGIONEN VERW\u00dcSTETEN, MUSSTE PINEFINE IHR OBSTDASEIN ABLEGEN.<br \/>\nDANK DER ORTS\u00dcBLICHEN WIEDERGEB\u00c4REREI IST SIE NUN AUF DEM INDISCHEN SUBKONTINENT ALS BART\u00c4NZERIN IN GOA ZU NEUER GR\u00d6SSE GEREIFT. DAS IST NAT\u00dcRLICH EINE GANZ ANDERE KISTE. IHRE VORLIEBE BEI COCKTAILS LIEGT GANZ KLAR BEI PINACOLADA!<\/p>","protected":false},"excerpt":{"rendered":"<a href=\"https:\/\/galeriaazur.art\/esp\/artist\/andrea-halm\/\">Andrea Halm<\/a>","protected":false},"author":2307,"featured_media":361773,"template":"","meta":{"_et_pb_use_builder":"o","_et_pb_old_content":"","_et_gb_content_width":""},"product_cat":[393,24],"product_tag":[],"acf":[],"_links":{"self":[{"href":"https:\/\/galeriaazur.art\/esp\/wp-json\/wp\/v2\/product\/361772"}],"collection":[{"href":"https:\/\/galeriaazur.art\/esp\/wp-json\/wp\/v2\/product"}],"about":[{"href":"https:\/\/galeriaazur.art\/esp\/wp-json\/wp\/v2\/types\/product"}],"author":[{"embeddable":true,"href":"https:\/\/galeriaazur.art\/esp\/wp-json\/wp\/v2\/users\/2307"}],"wp:featuredmedia":[{"embeddable":true,"href":"https:\/\/galeriaazur.art\/esp\/wp-json\/wp\/v2\/media\/361773"}],"wp:attachment":[{"href":"https:\/\/galeriaazur.art\/esp\/wp-json\/wp\/v2\/media?parent=361772"}],"wp:term":[{"taxonomy":"product_cat","embeddable":true,"href":"https:\/\/galeriaazur.art\/esp\/wp-json\/wp\/v2\/product_cat?post=361772"},{"taxonomy":"product_tag","embeddable":true,"href":"https:\/\/galeriaazur.art\/esp\/wp-json\/wp\/v2\/product_tag?post=361772"}],"curies":[{"name":"wp","href":"https:\/\/api.w.org\/{rel}","templated":true}]}}