{"id":359793,"date":"2024-12-23T11:36:25","date_gmt":"2024-12-23T14:36:25","guid":{"rendered":"https:\/\/galeriaazur.art\/?post_type=product&#038;p=359793"},"modified":"2025-06-18T11:06:38","modified_gmt":"2025-06-18T14:06:38","slug":"door-to-infinity","status":"publish","type":"product","link":"https:\/\/galeriaazur.art\/esp\/artwork\/door-to-infinity\/","title":{"rendered":"Door to infinity"},"content":{"rendered":"<p>La s\u00e9rie \u00ab Door to Infinity \u00bb capture le myst\u00e8re et la transcendance \u00e0 travers des portails symboliques qui m\u00e8nent vers l\u2019inconnu. Ces \u0153uvres sont une invitation \u00e0 franchir la fronti\u00e8re entre le r\u00e9el et l\u2019imaginaire, ouvrant la voie \u00e0 une exploration infinie du paysage int\u00e9rieur. Avec des teintes douces et des formes fluides, cette collection \u00e9voque la qu\u00eate d\u2019un ailleurs, un lieu o\u00f9 le temps et l\u2019espace se confondent pour offrir une exp\u00e9rience contemplative et introspective.<\/p>","protected":false},"excerpt":{"rendered":"<a href=\"https:\/\/galeriaazur.art\/esp\/artist\/morgane-soulier\/\">Morgane Soulier<\/a>","protected":false},"author":2773,"featured_media":359795,"template":"","meta":{"_et_pb_use_builder":"o","_et_pb_old_content":"","_et_gb_content_width":""},"product_cat":[24,408,410],"product_tag":[],"acf":[],"_links":{"self":[{"href":"https:\/\/galeriaazur.art\/esp\/wp-json\/wp\/v2\/product\/359793"}],"collection":[{"href":"https:\/\/galeriaazur.art\/esp\/wp-json\/wp\/v2\/product"}],"about":[{"href":"https:\/\/galeriaazur.art\/esp\/wp-json\/wp\/v2\/types\/product"}],"author":[{"embeddable":true,"href":"https:\/\/galeriaazur.art\/esp\/wp-json\/wp\/v2\/users\/2773"}],"wp:featuredmedia":[{"embeddable":true,"href":"https:\/\/galeriaazur.art\/esp\/wp-json\/wp\/v2\/media\/359795"}],"wp:attachment":[{"href":"https:\/\/galeriaazur.art\/esp\/wp-json\/wp\/v2\/media?parent=359793"}],"wp:term":[{"taxonomy":"product_cat","embeddable":true,"href":"https:\/\/galeriaazur.art\/esp\/wp-json\/wp\/v2\/product_cat?post=359793"},{"taxonomy":"product_tag","embeddable":true,"href":"https:\/\/galeriaazur.art\/esp\/wp-json\/wp\/v2\/product_tag?post=359793"}],"curies":[{"name":"wp","href":"https:\/\/api.w.org\/{rel}","templated":true}]}}