{"id":359009,"date":"2024-12-13T16:19:16","date_gmt":"2024-12-13T19:19:16","guid":{"rendered":"https:\/\/galeriaazur.art\/?post_type=product&#038;p=359009"},"modified":"2025-01-22T12:20:57","modified_gmt":"2025-01-22T15:20:57","slug":"serie-25-intervalos","status":"publish","type":"product","link":"https:\/\/galeriaazur.art\/esp\/artwork\/serie-25-intervalos\/","title":{"rendered":"Serie 25 intervalos"},"content":{"rendered":"<p>La persistencia del instante: Pintura en 25 frames<br \/>\n\u00bfQu\u00e9 ocurre cuando el tiempo se detiene, no para convertirse en la quietud absoluta de la imagen fija, sino para insistir, cuadro tras cuadro, en su condici\u00f3n de tr\u00e1nsito? En esta serie de 25 pinturas inspiradas en los frames de Mala Noche de Gus Van Sant, no reproduzco la pel\u00edcula: la traduzco, la descompongo, la desdoblo en fragmentos que interrogan nuestra percepci\u00f3n.<br \/>\nEl cine, arte del movimiento, se suspende aqu\u00ed en una paradoja. Cada pintura, nacida del instante f\u00edlmico, reclama su estatuto como tiempo detenido, como intervalo cargado de memoria. Pero a medida que pasamos de una pintura a otra, ese tiempo detenido cobra movimiento. Se restituye una temporalidad hecha de huecos, de silencios, de respiraciones que no est\u00e1n en la pel\u00edcula, pero que emergen en esta transposici\u00f3n pict\u00f3rica.<br \/>\nEl blanco y negro, recurso visual (no,  la pel\u00edcula original), aqu\u00ed la reinvento como un lenguaje pl\u00e1stico aut\u00f3nomo. Las sombras y las luces no solo modelan los cuerpos y los espacios: son, en s\u00ed mismas, los protagonistas. Cada frame-pintura es un umbral, un tr\u00e1nsito donde lo visible no se da de manera completa.<br \/>\nEn este sentido, propongo una reflexi\u00f3n sobre el fragmento, en lugar de buscar la totalidad narrativa del cine, confronto con la potencia de lo incompleto. Cada pintura es un residuo, una huella, pero tambi\u00e9n un comienzo posible. El espectador no &quot;mira&quot; simplemente estas im\u00e1genes; debe habitarlas, proyectar en ellas su propio deseo de continuidad.<br \/>\nLa persistencia del instante es, as\u00ed, un homenaje a la obra de Van Sant, pero tambi\u00e9n una relectura: una manera de descubrir que, entre el cine y la pintura, no solo hay traducci\u00f3n, sino tambi\u00e9n transferencia, desplazamiento, eco. <br \/>\nComo dir\u00eda Paul Klee, aqu\u00ed &quot;el arte no reproduce lo visible, sino que hace visible&quot;.<br \/>\nEn estas 25 pinturas, lo visible es siempre provisional, inacabado. Es un acto de memoria que, como toda memoria, no busco la fidelidad al pasado, sino su reapropiaci\u00f3n cr\u00edtica, su renacimiento en la experiencia presente del espectador.<\/p>","protected":false},"excerpt":{"rendered":"<a href=\"https:\/\/galeriaazur.art\/esp\/artist\/carola-sanchez\/\">Carola<\/a>","protected":false},"author":2763,"featured_media":359010,"template":"","meta":{"_et_pb_use_builder":"o","_et_pb_old_content":"","_et_gb_content_width":""},"product_cat":[392,101,24],"product_tag":[],"acf":[],"_links":{"self":[{"href":"https:\/\/galeriaazur.art\/esp\/wp-json\/wp\/v2\/product\/359009"}],"collection":[{"href":"https:\/\/galeriaazur.art\/esp\/wp-json\/wp\/v2\/product"}],"about":[{"href":"https:\/\/galeriaazur.art\/esp\/wp-json\/wp\/v2\/types\/product"}],"author":[{"embeddable":true,"href":"https:\/\/galeriaazur.art\/esp\/wp-json\/wp\/v2\/users\/2763"}],"wp:featuredmedia":[{"embeddable":true,"href":"https:\/\/galeriaazur.art\/esp\/wp-json\/wp\/v2\/media\/359010"}],"wp:attachment":[{"href":"https:\/\/galeriaazur.art\/esp\/wp-json\/wp\/v2\/media?parent=359009"}],"wp:term":[{"taxonomy":"product_cat","embeddable":true,"href":"https:\/\/galeriaazur.art\/esp\/wp-json\/wp\/v2\/product_cat?post=359009"},{"taxonomy":"product_tag","embeddable":true,"href":"https:\/\/galeriaazur.art\/esp\/wp-json\/wp\/v2\/product_tag?post=359009"}],"curies":[{"name":"wp","href":"https:\/\/api.w.org\/{rel}","templated":true}]}}