{"id":351693,"date":"2024-10-29T15:08:19","date_gmt":"2024-10-29T18:08:19","guid":{"rendered":"https:\/\/galeriaazur.art\/?post_type=product&#038;p=351693"},"modified":"2025-10-16T15:54:34","modified_gmt":"2025-10-16T18:54:34","slug":"el-beso-de-la-guacamaya","status":"publish","type":"product","link":"https:\/\/galeriaazur.art\/esp\/artwork\/el-beso-de-la-guacamaya\/","title":{"rendered":"El BESO DE LA GUACAMAYA"},"content":{"rendered":"<p>El beso de la guacamaya, se origina a partir de una ilustraci\u00f3n inicial que celebra la ternura y el v\u00ednculo de dos guacamayos que comparten un nido. Inspirada en estas emblem\u00e1ticas aves latinoamericanas, tambi\u00e9n conocidas como guacamayos escarlatas o loros, la pieza destaca su longevidad y la importancia de su preservaci\u00f3n. Como parte de la colecci\u00f3n Birds, este mosaico, hecho de latas de aluminio recolectadas en todo el mundo, lleva un fuerte mensaje contra el tr\u00e1fico de animales, invitando a la reflexi\u00f3n y la conservaci\u00f3n de la vida silvestre.  La riqueza de los colores y la textura creada con los mosaicos de aluminio reciclado mejoran los detalles y la energ\u00eda vibrante de los guacamayos. Los tonos rojo, verde y amarillo dan vida a las aves, reflejando su esencia latinoamericana y el mensaje de amor y unidad que transmiten. Este uso creativo de materiales reciclados refuerza el mensaje de conservaci\u00f3n y respeto por la naturaleza, subrayando el compromiso con la sostenibilidad.<\/p>","protected":false},"excerpt":{"rendered":"<a href=\"https:\/\/galeriaazur.art\/esp\/artist\/valeria-valeria-boada\/\">Valeria Valeri Boada<\/a>","protected":false},"author":2666,"featured_media":351694,"template":"","meta":{"_et_pb_use_builder":"o","_et_pb_old_content":"","_et_gb_content_width":""},"product_cat":[376,101,449],"product_tag":[],"acf":[],"_links":{"self":[{"href":"https:\/\/galeriaazur.art\/esp\/wp-json\/wp\/v2\/product\/351693"}],"collection":[{"href":"https:\/\/galeriaazur.art\/esp\/wp-json\/wp\/v2\/product"}],"about":[{"href":"https:\/\/galeriaazur.art\/esp\/wp-json\/wp\/v2\/types\/product"}],"author":[{"embeddable":true,"href":"https:\/\/galeriaazur.art\/esp\/wp-json\/wp\/v2\/users\/2666"}],"wp:featuredmedia":[{"embeddable":true,"href":"https:\/\/galeriaazur.art\/esp\/wp-json\/wp\/v2\/media\/351694"}],"wp:attachment":[{"href":"https:\/\/galeriaazur.art\/esp\/wp-json\/wp\/v2\/media?parent=351693"}],"wp:term":[{"taxonomy":"product_cat","embeddable":true,"href":"https:\/\/galeriaazur.art\/esp\/wp-json\/wp\/v2\/product_cat?post=351693"},{"taxonomy":"product_tag","embeddable":true,"href":"https:\/\/galeriaazur.art\/esp\/wp-json\/wp\/v2\/product_tag?post=351693"}],"curies":[{"name":"wp","href":"https:\/\/api.w.org\/{rel}","templated":true}]}}