{"id":351689,"date":"2024-10-30T06:01:14","date_gmt":"2024-10-30T09:01:14","guid":{"rendered":"https:\/\/galeriaazur.art\/?post_type=product&#038;p=351689"},"modified":"2025-10-16T15:54:31","modified_gmt":"2025-10-16T18:54:31","slug":"tucan-pico-canoa","status":"publish","type":"product","link":"https:\/\/galeriaazur.art\/esp\/artwork\/tucan-pico-canoa\/","title":{"rendered":"TUC\u00c1N PICO CANOA"},"content":{"rendered":"<p>La Esencia de la Libertad y la Belleza Salvaje  Inspirada en un ave emblem\u00e1tica que, aunque com\u00fan en Venezuela, es tambi\u00e9n el ave nacional de Belice, esta obra rinde homenaje a su majestuosidad y misterio. Con subespecies alrededor del mundo, su plumaje var\u00eda seg\u00fan la regi\u00f3n, pero todas comparten un distintivo capuchino negro que se extiende de la cabeza a la cola, un s\u00edmbolo de su singularidad y resiliencia en la naturaleza. Sin embargo, esta misma belleza lo convierte en un objetivo frecuente del tr\u00e1fico de animales, un problema que mi obra busca visibilizar y desafiar.  Desde mi hogar natal, cre\u00e9 esta pieza \u00fanica con m\u00e1s de 7.000 fragmentos de latas, cada uno de apenas 1 cm x 1 cm, transformando materiales reciclados en una composici\u00f3n llena de vida y textura. Cada fragmento ha sido cortado y subdividido, detallando y enriqueciendo la pieza en un proceso que permite aprovechar al m\u00e1ximo cada material. Esta obra no solo captura la esencia de esta ave extraordinaria, sino que tambi\u00e9n invita a reflexionar sobre el impacto humano y la necesidad de preservar lo salvaje.<\/p>","protected":false},"excerpt":{"rendered":"<a href=\"https:\/\/galeriaazur.art\/esp\/artist\/valeria-valeria-boada\/\">Valeria Valeri Boada<\/a>","protected":false},"author":2666,"featured_media":351692,"template":"","meta":{"_et_pb_use_builder":"o","_et_pb_old_content":"","_et_gb_content_width":""},"product_cat":[376,101,449],"product_tag":[],"acf":[],"_links":{"self":[{"href":"https:\/\/galeriaazur.art\/esp\/wp-json\/wp\/v2\/product\/351689"}],"collection":[{"href":"https:\/\/galeriaazur.art\/esp\/wp-json\/wp\/v2\/product"}],"about":[{"href":"https:\/\/galeriaazur.art\/esp\/wp-json\/wp\/v2\/types\/product"}],"author":[{"embeddable":true,"href":"https:\/\/galeriaazur.art\/esp\/wp-json\/wp\/v2\/users\/2666"}],"wp:featuredmedia":[{"embeddable":true,"href":"https:\/\/galeriaazur.art\/esp\/wp-json\/wp\/v2\/media\/351692"}],"wp:attachment":[{"href":"https:\/\/galeriaazur.art\/esp\/wp-json\/wp\/v2\/media?parent=351689"}],"wp:term":[{"taxonomy":"product_cat","embeddable":true,"href":"https:\/\/galeriaazur.art\/esp\/wp-json\/wp\/v2\/product_cat?post=351689"},{"taxonomy":"product_tag","embeddable":true,"href":"https:\/\/galeriaazur.art\/esp\/wp-json\/wp\/v2\/product_tag?post=351689"}],"curies":[{"name":"wp","href":"https:\/\/api.w.org\/{rel}","templated":true}]}}