{"id":351684,"date":"2024-10-30T06:57:17","date_gmt":"2024-10-30T09:57:17","guid":{"rendered":"https:\/\/galeriaazur.art\/?post_type=product&#038;p=351684"},"modified":"2025-12-05T11:46:50","modified_gmt":"2025-12-05T14:46:50","slug":"pinguino-patagonico","status":"publish","type":"product","link":"https:\/\/galeriaazur.art\/esp\/artwork\/pinguino-patagonico\/","title":{"rendered":"PING\u00dcINO PATAG\u00d3NICO"},"content":{"rendered":"<p>Esta obra de 40 x 60 cm es un tributo a la resiliencia y el instinto de supervivencia del ping\u00fcino patag\u00f3nico, una especie que me fascina desde siempre. Aunque solo he podido observarlos en zool\u00f3gicos, mi deseo es verlos en su h\u00e1bitat natural, donde sus v\u00ednculos y desaf\u00edos diarios cobran una intensidad inesperada. La historia que me inspir\u00f3 ocurri\u00f3 en uno de estos registros documentales: un ping\u00fcino regresaba al nido con comida solo para encontrar un intruso junto a su pareja. Lo que sigui\u00f3 fue una batalla feroz, y aunque nuestro ping\u00fcino fue derrotado, esta escena revel\u00f3 la complejidad de sus relaciones, una emotiva manifestaci\u00f3n de lealtad, sacrificio y, a veces, desenga\u00f1o, que hace de esta especie un verdadero espejo de emociones humanas.<\/p>\n<p>Para crear esta pieza, realic\u00e9 el mosaico en Madrid, bas\u00e1ndome en una ilustraci\u00f3n inspirada en una fotograf\u00eda de un ping\u00fcino en el zool\u00f3gico. Utilic\u00e9 latas en tonos blanco y negro, algunas de las m\u00e1s escasas y dif\u00edciles de encontrar. Cada fragmento est\u00e1 seleccionado meticulosamente para reflejar la sencillez y el contraste en el plumaje de este animal, logrando una representaci\u00f3n detallada que resalta su elegancia y fuerza. La precisi\u00f3n en el uso de estos tonos es crucial para transmitir la esencia del ping\u00fcino, simbolizando su equilibrio entre fragilidad y tenacidad.<\/p>\n<p>Este mosaico no solo captura la est\u00e9tica del ping\u00fcino patag\u00f3nico, sino que invita a los espectadores a reflexionar sobre los v\u00ednculos naturales, donde cada acto es un reflejo de la conexi\u00f3n y las decisiones que definen su mundo.<\/p>","protected":false},"excerpt":{"rendered":"<a href=\"https:\/\/galeriaazur.art\/esp\/artist\/valeria-valeria-boada\/\">Valeria Valeri Boada<\/a>","protected":false},"author":2666,"featured_media":351685,"template":"","meta":{"_et_pb_use_builder":"o","_et_pb_old_content":"","_et_gb_content_width":""},"product_cat":[446,376,101,457,449],"product_tag":[],"acf":[],"_links":{"self":[{"href":"https:\/\/galeriaazur.art\/esp\/wp-json\/wp\/v2\/product\/351684"}],"collection":[{"href":"https:\/\/galeriaazur.art\/esp\/wp-json\/wp\/v2\/product"}],"about":[{"href":"https:\/\/galeriaazur.art\/esp\/wp-json\/wp\/v2\/types\/product"}],"author":[{"embeddable":true,"href":"https:\/\/galeriaazur.art\/esp\/wp-json\/wp\/v2\/users\/2666"}],"wp:featuredmedia":[{"embeddable":true,"href":"https:\/\/galeriaazur.art\/esp\/wp-json\/wp\/v2\/media\/351685"}],"wp:attachment":[{"href":"https:\/\/galeriaazur.art\/esp\/wp-json\/wp\/v2\/media?parent=351684"}],"wp:term":[{"taxonomy":"product_cat","embeddable":true,"href":"https:\/\/galeriaazur.art\/esp\/wp-json\/wp\/v2\/product_cat?post=351684"},{"taxonomy":"product_tag","embeddable":true,"href":"https:\/\/galeriaazur.art\/esp\/wp-json\/wp\/v2\/product_tag?post=351684"}],"curies":[{"name":"wp","href":"https:\/\/api.w.org\/{rel}","templated":true}]}}