{"id":351682,"date":"2024-10-30T07:13:03","date_gmt":"2024-10-30T10:13:03","guid":{"rendered":"https:\/\/galeriaazur.art\/?post_type=product&#038;p=351682"},"modified":"2025-12-05T11:46:47","modified_gmt":"2025-12-05T14:46:47","slug":"tucan-piqui-negro","status":"publish","type":"product","link":"https:\/\/galeriaazur.art\/esp\/artwork\/tucan-piqui-negro\/","title":{"rendered":"TUC\u00c1N PIQUI NEGRO"},"content":{"rendered":"<p>En esta obra de 60 x 40 cm, he capturado la belleza \u00fanica del tuc\u00e1n piqui negro, una subespecie andina que habita en monta\u00f1as a altitudes de entre 1600 y 3200 metros. Este tuc\u00e1n destaca no solo por su elegante tama\u00f1o mediano, sino tambi\u00e9n por su caperuza en tonos sutiles de caf\u00e9 y azul, un detalle fascinante que lo diferencia de otros tucanes y que refleja la rica diversidad crom\u00e1tica de su entorno natural.<\/p>\n<p>Para hacer justicia a estos matices, seleccion\u00e9 meticulosamente latas que ofrecen una paleta viva y variada, incluyendo la ic\u00f3nica malta color caf\u00e9, un tono profundamente apreciado en la est\u00e9tica de VAVA ART. Este proceso de selecci\u00f3n y combinaci\u00f3n de materiales permite una libertad expresiva que me inspira y que deseo transmitir a quienes aprecian esta pieza. Mi objetivo es que cada espectador experimente un sentido de conexi\u00f3n y viaje visual a trav\u00e9s de esta representaci\u00f3n de la naturaleza andina, sumergi\u00e9ndose en un mundo de color y detalle que evoca tanto el poder de la naturaleza como la delicadeza del trabajo artesanal.<\/p>","protected":false},"excerpt":{"rendered":"<a href=\"https:\/\/galeriaazur.art\/esp\/artist\/valeria-valeria-boada\/\">Valeria Valeri Boada<\/a>","protected":false},"author":2666,"featured_media":351683,"template":"","meta":{"_et_pb_use_builder":"o","_et_pb_old_content":"","_et_gb_content_width":""},"product_cat":[446,376,101,457,449],"product_tag":[],"acf":[],"_links":{"self":[{"href":"https:\/\/galeriaazur.art\/esp\/wp-json\/wp\/v2\/product\/351682"}],"collection":[{"href":"https:\/\/galeriaazur.art\/esp\/wp-json\/wp\/v2\/product"}],"about":[{"href":"https:\/\/galeriaazur.art\/esp\/wp-json\/wp\/v2\/types\/product"}],"author":[{"embeddable":true,"href":"https:\/\/galeriaazur.art\/esp\/wp-json\/wp\/v2\/users\/2666"}],"wp:featuredmedia":[{"embeddable":true,"href":"https:\/\/galeriaazur.art\/esp\/wp-json\/wp\/v2\/media\/351683"}],"wp:attachment":[{"href":"https:\/\/galeriaazur.art\/esp\/wp-json\/wp\/v2\/media?parent=351682"}],"wp:term":[{"taxonomy":"product_cat","embeddable":true,"href":"https:\/\/galeriaazur.art\/esp\/wp-json\/wp\/v2\/product_cat?post=351682"},{"taxonomy":"product_tag","embeddable":true,"href":"https:\/\/galeriaazur.art\/esp\/wp-json\/wp\/v2\/product_tag?post=351682"}],"curies":[{"name":"wp","href":"https:\/\/api.w.org\/{rel}","templated":true}]}}