{"id":351677,"date":"2024-10-30T07:31:31","date_gmt":"2024-10-30T10:31:31","guid":{"rendered":"https:\/\/galeriaazur.art\/?post_type=product&#038;p=351677"},"modified":"2025-10-16T15:54:21","modified_gmt":"2025-10-16T18:54:21","slug":"cardenal-rojo","status":"publish","type":"product","link":"https:\/\/galeriaazur.art\/esp\/artwork\/cardenal-rojo\/","title":{"rendered":"CARDENAL ROJO"},"content":{"rendered":"<p>Este mosaico de 30 x 40 cm captura la esencia del cardenal rojo, un ave tan vibrante como majestuosa. Su color llamativo y su porte elegante, con un caracter\u00edstico penacho y un canto \u00fanico, lo convierten en un \u00edcono de la naturaleza. Cada detalle de esta obra ha sido cuidadosamente trabajado para resaltar su vitalidad y presencia en cada espacio.<\/p>\n<p>Para lograr los ricos tonos de su plumaje, utilic\u00e9 latas de Coca-Cola, Club Colombia y una edici\u00f3n especial de Coca-Cola con un toque de vainilla, creando degradados de rojos que aportan profundidad y dan vida a sutiles sombras y transiciones. Este enfoque permite apreciar las distintas texturas y matices, creando un efecto visual de realismo y dinamismo.<\/p>\n<p>Al crear esta pieza, me sumerg\u00ed en el proceso de ensamblar peque\u00f1as formas que, al unirse, revelan una imagen completa. Esta t\u00e9cnica no solo es un placer, sino que tambi\u00e9n simboliza c\u00f3mo en el arte, al igual que en la vida, cada peque\u00f1o elemento es esencial para formar un todo. Esta obra es ideal para quienes buscan una pieza llena de energ\u00eda, que invite a admirar la riqueza de cada detalle y a reflexionar sobre la belleza que se esconde en lo peque\u00f1o y lo grande.<\/p>","protected":false},"excerpt":{"rendered":"<a href=\"https:\/\/galeriaazur.art\/esp\/artist\/valeria-valeria-boada\/\">Valeria Valeri Boada<\/a>","protected":false},"author":2666,"featured_media":351678,"template":"","meta":{"_et_pb_use_builder":"o","_et_pb_old_content":"","_et_gb_content_width":""},"product_cat":[376,101,449],"product_tag":[],"acf":[],"_links":{"self":[{"href":"https:\/\/galeriaazur.art\/esp\/wp-json\/wp\/v2\/product\/351677"}],"collection":[{"href":"https:\/\/galeriaazur.art\/esp\/wp-json\/wp\/v2\/product"}],"about":[{"href":"https:\/\/galeriaazur.art\/esp\/wp-json\/wp\/v2\/types\/product"}],"author":[{"embeddable":true,"href":"https:\/\/galeriaazur.art\/esp\/wp-json\/wp\/v2\/users\/2666"}],"wp:featuredmedia":[{"embeddable":true,"href":"https:\/\/galeriaazur.art\/esp\/wp-json\/wp\/v2\/media\/351678"}],"wp:attachment":[{"href":"https:\/\/galeriaazur.art\/esp\/wp-json\/wp\/v2\/media?parent=351677"}],"wp:term":[{"taxonomy":"product_cat","embeddable":true,"href":"https:\/\/galeriaazur.art\/esp\/wp-json\/wp\/v2\/product_cat?post=351677"},{"taxonomy":"product_tag","embeddable":true,"href":"https:\/\/galeriaazur.art\/esp\/wp-json\/wp\/v2\/product_tag?post=351677"}],"curies":[{"name":"wp","href":"https:\/\/api.w.org\/{rel}","templated":true}]}}