{"id":351667,"date":"2024-10-30T07:46:21","date_gmt":"2024-10-30T10:46:21","guid":{"rendered":"https:\/\/galeriaazur.art\/?post_type=product&#038;p=351667"},"modified":"2025-10-16T15:54:18","modified_gmt":"2025-10-16T18:54:18","slug":"turpial","status":"publish","type":"product","link":"https:\/\/galeriaazur.art\/esp\/artwork\/turpial\/","title":{"rendered":"TURPIAL"},"content":{"rendered":"<p>Este mosaico de 30 x 40 cm rinde homenaje al turpial, el ave nacional de Venezuela y una verdadera joya de colores tropicales. Con su plumaje de amarillo quemado, casi naranja, complementado por tonos azulados y una capucha negra que se extiende hasta la cola, el turpial es tanto un s\u00edmbolo de mi pa\u00eds como un presagio de buenos augurios en el hogar. Recuerdo haber visto uno de estos hermosos ejemplares en mi casa en M\u00e9rida, un momento que qued\u00f3 grabado en mi memoria y que he querido plasmar en esta obra.<\/p>\n<p>En la creaci\u00f3n de esta pieza, he utilizado latas de aluminio recolectadas de distintas partes del mundo, una t\u00e9cnica que representa mi compromiso con la sustentabilidad y se ha convertido en un sello distintivo de mi trabajo. Cada fragmento es seleccionado con precisi\u00f3n para capturar la rica paleta del turpial, permitiendo una combinaci\u00f3n armoniosa de tonos que hacen vibrar el plumaje y resaltan la intensidad de su belleza.<\/p>\n<p>Esta obra forma parte de una colecci\u00f3n en constante expansi\u00f3n, donde cada pieza es \u00fanica e irrepetible, aunque comparte el mismo esp\u00edritu de celebrar la naturaleza y el simbolismo cultural. Con latas recolectadas incluso desde mis d\u00edas en Colombia, esta pieza no solo es una representaci\u00f3n del turpial, sino tambi\u00e9n una fusi\u00f3n de lugares y momentos que traen consigo historias y energ\u00eda. Ideal para aquellos que buscan arte con significado, esta obra de arte es una celebraci\u00f3n de la naturaleza, la cultura y la esperanza.<\/p>","protected":false},"excerpt":{"rendered":"<a href=\"https:\/\/galeriaazur.art\/esp\/artist\/valeria-valeria-boada\/\">Valeria Valeri Boada<\/a>","protected":false},"author":2666,"featured_media":351670,"template":"","meta":{"_et_pb_use_builder":"o","_et_pb_old_content":"","_et_gb_content_width":""},"product_cat":[376,101,449],"product_tag":[],"acf":[],"_links":{"self":[{"href":"https:\/\/galeriaazur.art\/esp\/wp-json\/wp\/v2\/product\/351667"}],"collection":[{"href":"https:\/\/galeriaazur.art\/esp\/wp-json\/wp\/v2\/product"}],"about":[{"href":"https:\/\/galeriaazur.art\/esp\/wp-json\/wp\/v2\/types\/product"}],"author":[{"embeddable":true,"href":"https:\/\/galeriaazur.art\/esp\/wp-json\/wp\/v2\/users\/2666"}],"wp:featuredmedia":[{"embeddable":true,"href":"https:\/\/galeriaazur.art\/esp\/wp-json\/wp\/v2\/media\/351670"}],"wp:attachment":[{"href":"https:\/\/galeriaazur.art\/esp\/wp-json\/wp\/v2\/media?parent=351667"}],"wp:term":[{"taxonomy":"product_cat","embeddable":true,"href":"https:\/\/galeriaazur.art\/esp\/wp-json\/wp\/v2\/product_cat?post=351667"},{"taxonomy":"product_tag","embeddable":true,"href":"https:\/\/galeriaazur.art\/esp\/wp-json\/wp\/v2\/product_tag?post=351667"}],"curies":[{"name":"wp","href":"https:\/\/api.w.org\/{rel}","templated":true}]}}