{"id":351661,"date":"2024-10-30T08:11:01","date_gmt":"2024-10-30T11:11:01","guid":{"rendered":"https:\/\/galeriaazur.art\/?post_type=product&#038;p=351661"},"modified":"2025-10-16T15:54:13","modified_gmt":"2025-10-16T18:54:13","slug":"la-danza-de-los-flamingos","status":"publish","type":"product","link":"https:\/\/galeriaazur.art\/esp\/artwork\/la-danza-de-los-flamingos\/","title":{"rendered":"LA DANZA DE LOS FLAMINGOS"},"content":{"rendered":"<p>Esta impresionante obra, formada por dos paneles de 25 x 80 cm cada uno, rinde homenaje a la gracia y serenidad de los flamencos, criaturas fascinantes que siempre han capturado mi atenci\u00f3n. Estos animales, conocidos por su tranquilidad y su elegante porte, adquieren su caracter\u00edstico color rosado gracias a su alimentaci\u00f3n, lo cual, junto con sus cuellos largos y ojos expresivos, los hace \u00fanicos y profundamente cautivadores. Conocidos como flamencos en Espa\u00f1a, son aves de presencia global, aunque en Am\u00e9rica se encuentran dos especies, mientras que en Europa hay solo una.<\/p>\n<p>En esta obra, he logrado capturar la esencia de los flamencos, aprovechando una rica mezcla de colores met\u00e1licos y un rosado casi fucsia creado con latas de aluminio recicladas, que a\u00f1aden un brillo cambiante seg\u00fan la luz del d\u00eda. Los dos flamencos, en una danza sutil y atrayente, asoman sus cabezas en un delicado juego de atracci\u00f3n, dando vida a un conjunto que combina armon\u00eda, movimiento y vibraci\u00f3n.<\/p>\n<p>Esta pieza es ideal para aquellos que buscan una obra que capture tanto la belleza de la naturaleza como la sutileza del dise\u00f1o contempor\u00e1neo, invitando a una experiencia visual de calma y esplendor.<\/p>","protected":false},"excerpt":{"rendered":"<a href=\"https:\/\/galeriaazur.art\/esp\/artist\/valeria-valeria-boada\/\">Valeria Valeri Boada<\/a>","protected":false},"author":2666,"featured_media":351662,"template":"","meta":{"_et_pb_use_builder":"o","_et_pb_old_content":"","_et_gb_content_width":""},"product_cat":[376,101,449],"product_tag":[],"acf":[],"_links":{"self":[{"href":"https:\/\/galeriaazur.art\/esp\/wp-json\/wp\/v2\/product\/351661"}],"collection":[{"href":"https:\/\/galeriaazur.art\/esp\/wp-json\/wp\/v2\/product"}],"about":[{"href":"https:\/\/galeriaazur.art\/esp\/wp-json\/wp\/v2\/types\/product"}],"author":[{"embeddable":true,"href":"https:\/\/galeriaazur.art\/esp\/wp-json\/wp\/v2\/users\/2666"}],"wp:featuredmedia":[{"embeddable":true,"href":"https:\/\/galeriaazur.art\/esp\/wp-json\/wp\/v2\/media\/351662"}],"wp:attachment":[{"href":"https:\/\/galeriaazur.art\/esp\/wp-json\/wp\/v2\/media?parent=351661"}],"wp:term":[{"taxonomy":"product_cat","embeddable":true,"href":"https:\/\/galeriaazur.art\/esp\/wp-json\/wp\/v2\/product_cat?post=351661"},{"taxonomy":"product_tag","embeddable":true,"href":"https:\/\/galeriaazur.art\/esp\/wp-json\/wp\/v2\/product_tag?post=351661"}],"curies":[{"name":"wp","href":"https:\/\/api.w.org\/{rel}","templated":true}]}}