{"id":351416,"date":"2024-10-26T17:48:36","date_gmt":"2024-10-26T20:48:36","guid":{"rendered":"https:\/\/galeriaazur.art\/?post_type=product&#038;p=351416"},"modified":"2024-10-28T09:51:05","modified_gmt":"2024-10-28T12:51:05","slug":"estructura-en-el-caos","status":"publish","type":"product","link":"https:\/\/galeriaazur.art\/esp\/artwork\/estructura-en-el-caos\/","title":{"rendered":"Estructura en el caos"},"content":{"rendered":"<p>&quot;Estructura en el Caos&quot; es una obra de arte de t\u00e9cnica mixta que combina dorado a la hoja, acr\u00edlico y pasteles. La pieza refleja un momento crucial en la vida de la artista, quien experimenta el caos visual al migrar de su pa\u00eds. A primera vista, la obra parece desordenada, con pinceladas intensas, chorreaduras y material aplicado con esp\u00e1tula, evocando una sensaci\u00f3n de caos. Sin embargo, al alejarse, se revela una estructura y ritmo subyacentes. Este contraste entre el caos y la estructura representa la complejidad de la experiencia migratoria, haciendo de la obra un relato visual colorido y profundo.<\/p>","protected":false},"excerpt":{"rendered":"<a href=\"https:\/\/galeriaazur.art\/esp\/artist\/romina-graziani\/\">Romina Graziani<\/a>","protected":false},"author":2659,"featured_media":351418,"template":"","meta":{"_et_pb_use_builder":"o","_et_pb_old_content":"","_et_gb_content_width":""},"product_cat":[374,101],"product_tag":[],"acf":[],"_links":{"self":[{"href":"https:\/\/galeriaazur.art\/esp\/wp-json\/wp\/v2\/product\/351416"}],"collection":[{"href":"https:\/\/galeriaazur.art\/esp\/wp-json\/wp\/v2\/product"}],"about":[{"href":"https:\/\/galeriaazur.art\/esp\/wp-json\/wp\/v2\/types\/product"}],"author":[{"embeddable":true,"href":"https:\/\/galeriaazur.art\/esp\/wp-json\/wp\/v2\/users\/2659"}],"wp:featuredmedia":[{"embeddable":true,"href":"https:\/\/galeriaazur.art\/esp\/wp-json\/wp\/v2\/media\/351418"}],"wp:attachment":[{"href":"https:\/\/galeriaazur.art\/esp\/wp-json\/wp\/v2\/media?parent=351416"}],"wp:term":[{"taxonomy":"product_cat","embeddable":true,"href":"https:\/\/galeriaazur.art\/esp\/wp-json\/wp\/v2\/product_cat?post=351416"},{"taxonomy":"product_tag","embeddable":true,"href":"https:\/\/galeriaazur.art\/esp\/wp-json\/wp\/v2\/product_tag?post=351416"}],"curies":[{"name":"wp","href":"https:\/\/api.w.org\/{rel}","templated":true}]}}