{"id":351410,"date":"2024-10-26T18:28:14","date_gmt":"2024-10-26T21:28:14","guid":{"rendered":"https:\/\/galeriaazur.art\/?post_type=product&#038;p=351410"},"modified":"2024-10-28T09:50:52","modified_gmt":"2024-10-28T12:50:52","slug":"nuevos-vientos","status":"publish","type":"product","link":"https:\/\/galeriaazur.art\/esp\/artwork\/nuevos-vientos\/","title":{"rendered":"Nuevos Vientos"},"content":{"rendered":"<p>&quot;Nuevos Vientos&quot; es una obra creada poco tiempo despu\u00e9s de la llegada de la artista a Miami. Conocida por su enfoque en motivos n\u00e1uticos, esta pieza presenta un fondo claro salpicado de destellos dorados, evocando una atm\u00f3sfera de luz y esperanza. En el centro, una vela se alza, simbolizando la direcci\u00f3n hacia el mar y sugiriendo nuevos comienzos. La obra refleja el esp\u00edritu de aventura y la b\u00fasqueda de nuevas oportunidades, capturando la esencia de la transici\u00f3n y la resiliencia en un nuevo entorno.<\/p>","protected":false},"excerpt":{"rendered":"<a href=\"https:\/\/galeriaazur.art\/esp\/artist\/romina-graziani\/\">Romina Graziani<\/a>","protected":false},"author":2659,"featured_media":351411,"template":"","meta":{"_et_pb_use_builder":"o","_et_pb_old_content":"","_et_gb_content_width":""},"product_cat":[374,101],"product_tag":[],"acf":[],"_links":{"self":[{"href":"https:\/\/galeriaazur.art\/esp\/wp-json\/wp\/v2\/product\/351410"}],"collection":[{"href":"https:\/\/galeriaazur.art\/esp\/wp-json\/wp\/v2\/product"}],"about":[{"href":"https:\/\/galeriaazur.art\/esp\/wp-json\/wp\/v2\/types\/product"}],"author":[{"embeddable":true,"href":"https:\/\/galeriaazur.art\/esp\/wp-json\/wp\/v2\/users\/2659"}],"wp:featuredmedia":[{"embeddable":true,"href":"https:\/\/galeriaazur.art\/esp\/wp-json\/wp\/v2\/media\/351411"}],"wp:attachment":[{"href":"https:\/\/galeriaazur.art\/esp\/wp-json\/wp\/v2\/media?parent=351410"}],"wp:term":[{"taxonomy":"product_cat","embeddable":true,"href":"https:\/\/galeriaazur.art\/esp\/wp-json\/wp\/v2\/product_cat?post=351410"},{"taxonomy":"product_tag","embeddable":true,"href":"https:\/\/galeriaazur.art\/esp\/wp-json\/wp\/v2\/product_tag?post=351410"}],"curies":[{"name":"wp","href":"https:\/\/api.w.org\/{rel}","templated":true}]}}