{"id":351406,"date":"2024-10-26T18:37:29","date_gmt":"2024-10-26T21:37:29","guid":{"rendered":"https:\/\/galeriaazur.art\/?post_type=product&#038;p=351406"},"modified":"2024-10-28T09:50:44","modified_gmt":"2024-10-28T12:50:44","slug":"golden-winds","status":"publish","type":"product","link":"https:\/\/galeriaazur.art\/esp\/artwork\/golden-winds\/","title":{"rendered":"Golden Winds"},"content":{"rendered":"<p>&quot;Golden Winds&quot; es una obra que presenta una serie de barcos en una paleta de colores monocrom\u00e1ticos fr\u00edos, incluyendo azules, celestes, blancos y dorados. La elecci\u00f3n de estos tonos crea una atm\u00f3sfera serena y refrescante, evocando la calma del mar y el cielo. Los barcos, en su elegante simplicidad, sugieren movimiento y libertad, mientras que los destellos dorados aportan un toque de luz y esperanza.<\/p>","protected":false},"excerpt":{"rendered":"<a href=\"https:\/\/galeriaazur.art\/esp\/artist\/romina-graziani\/\">Romina Graziani<\/a>","protected":false},"author":2659,"featured_media":351407,"template":"","meta":{"_et_pb_use_builder":"o","_et_pb_old_content":"","_et_gb_content_width":""},"product_cat":[374,101],"product_tag":[],"acf":[],"_links":{"self":[{"href":"https:\/\/galeriaazur.art\/esp\/wp-json\/wp\/v2\/product\/351406"}],"collection":[{"href":"https:\/\/galeriaazur.art\/esp\/wp-json\/wp\/v2\/product"}],"about":[{"href":"https:\/\/galeriaazur.art\/esp\/wp-json\/wp\/v2\/types\/product"}],"author":[{"embeddable":true,"href":"https:\/\/galeriaazur.art\/esp\/wp-json\/wp\/v2\/users\/2659"}],"wp:featuredmedia":[{"embeddable":true,"href":"https:\/\/galeriaazur.art\/esp\/wp-json\/wp\/v2\/media\/351407"}],"wp:attachment":[{"href":"https:\/\/galeriaazur.art\/esp\/wp-json\/wp\/v2\/media?parent=351406"}],"wp:term":[{"taxonomy":"product_cat","embeddable":true,"href":"https:\/\/galeriaazur.art\/esp\/wp-json\/wp\/v2\/product_cat?post=351406"},{"taxonomy":"product_tag","embeddable":true,"href":"https:\/\/galeriaazur.art\/esp\/wp-json\/wp\/v2\/product_tag?post=351406"}],"curies":[{"name":"wp","href":"https:\/\/api.w.org\/{rel}","templated":true}]}}