{"id":351404,"date":"2024-10-26T18:42:38","date_gmt":"2024-10-26T21:42:38","guid":{"rendered":"https:\/\/galeriaazur.art\/?post_type=product&#038;p=351404"},"modified":"2024-10-28T09:50:40","modified_gmt":"2024-10-28T12:50:40","slug":"encrucijada","status":"publish","type":"product","link":"https:\/\/galeriaazur.art\/esp\/artwork\/encrucijada\/","title":{"rendered":"Encrucijada"},"content":{"rendered":"<p>&quot;Encrucijada&quot; es una obra que refleja el concepto de intersecci\u00f3n, mostrando barcos de manera no alineada, lo que introduce un elemento de caos en la composici\u00f3n. Utilizando colores vibrantes, la pieza captura la energ\u00eda y el dinamismo del mar. Las l\u00edneas que atraviesan la obra a\u00f1aden una sensaci\u00f3n de movimiento y direcci\u00f3n, invitando al espectador a explorar la complejidad de las decisiones y caminos que se presentan en la vida. &quot;Encrucijada&quot; se convierte as\u00ed en una representaci\u00f3n visual de la tensi\u00f3n entre el orden y el desorden, reflejando la naturaleza impredecible de los viajes y las experiencias.<\/p>","protected":false},"excerpt":{"rendered":"<a href=\"https:\/\/galeriaazur.art\/esp\/artist\/romina-graziani\/\">Romina Graziani<\/a>","protected":false},"author":2659,"featured_media":351405,"template":"","meta":{"_et_pb_use_builder":"o","_et_pb_old_content":"","_et_gb_content_width":""},"product_cat":[374,101],"product_tag":[],"acf":[],"_links":{"self":[{"href":"https:\/\/galeriaazur.art\/esp\/wp-json\/wp\/v2\/product\/351404"}],"collection":[{"href":"https:\/\/galeriaazur.art\/esp\/wp-json\/wp\/v2\/product"}],"about":[{"href":"https:\/\/galeriaazur.art\/esp\/wp-json\/wp\/v2\/types\/product"}],"author":[{"embeddable":true,"href":"https:\/\/galeriaazur.art\/esp\/wp-json\/wp\/v2\/users\/2659"}],"wp:featuredmedia":[{"embeddable":true,"href":"https:\/\/galeriaazur.art\/esp\/wp-json\/wp\/v2\/media\/351405"}],"wp:attachment":[{"href":"https:\/\/galeriaazur.art\/esp\/wp-json\/wp\/v2\/media?parent=351404"}],"wp:term":[{"taxonomy":"product_cat","embeddable":true,"href":"https:\/\/galeriaazur.art\/esp\/wp-json\/wp\/v2\/product_cat?post=351404"},{"taxonomy":"product_tag","embeddable":true,"href":"https:\/\/galeriaazur.art\/esp\/wp-json\/wp\/v2\/product_tag?post=351404"}],"curies":[{"name":"wp","href":"https:\/\/api.w.org\/{rel}","templated":true}]}}