{"id":346567,"date":"2024-08-25T12:41:44","date_gmt":"2024-08-25T15:41:44","guid":{"rendered":"https:\/\/galeriaazur.art\/?post_type=product&#038;p=346567"},"modified":"2025-11-27T10:09:26","modified_gmt":"2025-11-27T13:09:26","slug":"gold-and-dark-blue-with-red-stripes-becomes-abstract","status":"publish","type":"product","link":"https:\/\/galeriaazur.art\/esp\/artwork\/gold-and-dark-blue-with-red-stripes-becomes-abstract\/","title":{"rendered":"Gold and dark blue with red stripes becomes abstract"},"content":{"rendered":"<p>English:<br \/>\nAn incredible reinterpretation of my abstract art that is as clean as it is messy in parts. The beautiful correspondence of this radiant gold and the powerful dark blue are a feast for the eyes on their own. This is complemented by nuances of red.<\/p>\n<p>German:<br \/>\nEine unglaubliche und gleicherma\u00dfen cleane, wie in Teilen unordentliche Neuinterpretierung meiner abstrakten K\u00fcnste. Die wundersch\u00f6ne Korrespondenz dieses strahlenden Goldes und des kraftvollen Dunkelblaus sind schon f\u00fcr sich stehend eine Augenweide. Jenes wird zus\u00e4tzlich durch Nuancen des Rot komplettiert.<\/p>","protected":false},"excerpt":{"rendered":"<a href=\"https:\/\/galeriaazur.art\/esp\/artist\/ben-plaumann\/\">Ben Plaumann<\/a>","protected":false},"author":2578,"featured_media":346569,"template":"","meta":{"_et_pb_use_builder":"o","_et_pb_old_content":"","_et_gb_content_width":""},"product_cat":[375,24],"product_tag":[],"acf":[],"_links":{"self":[{"href":"https:\/\/galeriaazur.art\/esp\/wp-json\/wp\/v2\/product\/346567"}],"collection":[{"href":"https:\/\/galeriaazur.art\/esp\/wp-json\/wp\/v2\/product"}],"about":[{"href":"https:\/\/galeriaazur.art\/esp\/wp-json\/wp\/v2\/types\/product"}],"author":[{"embeddable":true,"href":"https:\/\/galeriaazur.art\/esp\/wp-json\/wp\/v2\/users\/2578"}],"wp:featuredmedia":[{"embeddable":true,"href":"https:\/\/galeriaazur.art\/esp\/wp-json\/wp\/v2\/media\/346569"}],"wp:attachment":[{"href":"https:\/\/galeriaazur.art\/esp\/wp-json\/wp\/v2\/media?parent=346567"}],"wp:term":[{"taxonomy":"product_cat","embeddable":true,"href":"https:\/\/galeriaazur.art\/esp\/wp-json\/wp\/v2\/product_cat?post=346567"},{"taxonomy":"product_tag","embeddable":true,"href":"https:\/\/galeriaazur.art\/esp\/wp-json\/wp\/v2\/product_tag?post=346567"}],"curies":[{"name":"wp","href":"https:\/\/api.w.org\/{rel}","templated":true}]}}