{"id":346557,"date":"2024-09-08T12:26:09","date_gmt":"2024-09-08T15:26:09","guid":{"rendered":"https:\/\/galeriaazur.art\/?post_type=product&#038;p=346557"},"modified":"2025-11-27T10:05:07","modified_gmt":"2025-11-27T13:05:07","slug":"black-and-white-with-stylish-curves-becomes-abstract","status":"publish","type":"product","link":"https:\/\/galeriaazur.art\/esp\/artwork\/black-and-white-with-stylish-curves-becomes-abstract\/","title":{"rendered":"Black and white with stylish curves becomes abstract"},"content":{"rendered":"<p>English:<br \/>\nThis stylish and large work promises devoted and broad sweeps across the entire height of the canvas. The viewer can lose themselves extensively in deep black, as well as in one and even thicker white sweep.<br \/>\nThis work is best suited to a larger wall surface with soft furnishings in the room.<\/p>\n<p>German:<br \/>\nDieses stilvolle und gro\u00dfe Werk verspricht hingebungsvolle und breitfl\u00e4chige Schw\u00fcnge \u00fcber die ganze H\u00f6he der Leinwand gezogen. Der Betrachter kann sich ausgiebig in tief schwarzen, sowie in einem und noch dickeren wei\u00dfen Schwung verlieren.<br \/>\nAm besten geeignet ist dieses Werk f\u00fcr eine gr\u00f6\u00dfere Wandfl\u00e4che mit leisem Mobiliar im Raume.<\/p>","protected":false},"excerpt":{"rendered":"<a href=\"https:\/\/galeriaazur.art\/esp\/artist\/ben-plaumann\/\">Ben Plaumann<\/a>","protected":false},"author":2578,"featured_media":346560,"template":"","meta":{"_et_pb_use_builder":"o","_et_pb_old_content":"","_et_gb_content_width":""},"product_cat":[375,24],"product_tag":[],"acf":[],"_links":{"self":[{"href":"https:\/\/galeriaazur.art\/esp\/wp-json\/wp\/v2\/product\/346557"}],"collection":[{"href":"https:\/\/galeriaazur.art\/esp\/wp-json\/wp\/v2\/product"}],"about":[{"href":"https:\/\/galeriaazur.art\/esp\/wp-json\/wp\/v2\/types\/product"}],"author":[{"embeddable":true,"href":"https:\/\/galeriaazur.art\/esp\/wp-json\/wp\/v2\/users\/2578"}],"wp:featuredmedia":[{"embeddable":true,"href":"https:\/\/galeriaazur.art\/esp\/wp-json\/wp\/v2\/media\/346560"}],"wp:attachment":[{"href":"https:\/\/galeriaazur.art\/esp\/wp-json\/wp\/v2\/media?parent=346557"}],"wp:term":[{"taxonomy":"product_cat","embeddable":true,"href":"https:\/\/galeriaazur.art\/esp\/wp-json\/wp\/v2\/product_cat?post=346557"},{"taxonomy":"product_tag","embeddable":true,"href":"https:\/\/galeriaazur.art\/esp\/wp-json\/wp\/v2\/product_tag?post=346557"}],"curies":[{"name":"wp","href":"https:\/\/api.w.org\/{rel}","templated":true}]}}