{"id":346550,"date":"2024-09-08T12:50:24","date_gmt":"2024-09-08T15:50:24","guid":{"rendered":"https:\/\/galeriaazur.art\/?post_type=product&#038;p=346550"},"modified":"2024-10-01T15:33:30","modified_gmt":"2024-10-01T18:33:30","slug":"grey-rose-gold-on-new-geometry-antique-looking-becomes-abstract","status":"publish","type":"product","link":"https:\/\/galeriaazur.art\/esp\/artwork\/grey-rose-gold-on-new-geometry-antique-looking-becomes-abstract\/","title":{"rendered":"Grey, ros\u00e9, gold on new geometry, antique-looking becomes abstract"},"content":{"rendered":"<p>English:<br \/>\nA symphony of two equally sized planes merges into a single and even larger antique-appealing specimen of itself.<br \/>\nWith its newly created geometric shape and bold choice of colors, it looks almost a little bit like the new modern age.<br \/>\nIn doing so, it casually tells of its favorite corners in the truest sense of the word, and merges with and into them in colorful ros\u00e9 and gold.<\/p>\n<p>German:<br \/>\nEine Symphonie aus zwei gleichgro\u00dfen Ebenen verschmilzt zu einem einzigen und noch gr\u00f6\u00dfer werdenden antik-anmutenden Exemplar seiner selbst.<br \/>\nDurch die neu erschaffene geometrische Form, sowie die freche Farbauswahl, blickt es vom antik-anmutenden fast ein st\u00fcckweit in die neue Moderne.<br \/>\nDabei erz\u00e4hlt ganz beil\u00e4ufig von seinen Lieblingsecken im wahrsten Sinne des Wortes, und geht in farblichem Ros\u00e9 und Gold auf sie ein und in sie \u00fcber.<\/p>","protected":false},"excerpt":{"rendered":"<a href=\"https:\/\/galeriaazur.art\/esp\/artist\/ben-plaumann\/\">Ben Plaumann<\/a>","protected":false},"author":2578,"featured_media":346552,"template":"","meta":{"_et_pb_use_builder":"o","_et_pb_old_content":"","_et_gb_content_width":""},"product_cat":[375,24],"product_tag":[],"acf":[],"_links":{"self":[{"href":"https:\/\/galeriaazur.art\/esp\/wp-json\/wp\/v2\/product\/346550"}],"collection":[{"href":"https:\/\/galeriaazur.art\/esp\/wp-json\/wp\/v2\/product"}],"about":[{"href":"https:\/\/galeriaazur.art\/esp\/wp-json\/wp\/v2\/types\/product"}],"author":[{"embeddable":true,"href":"https:\/\/galeriaazur.art\/esp\/wp-json\/wp\/v2\/users\/2578"}],"wp:featuredmedia":[{"embeddable":true,"href":"https:\/\/galeriaazur.art\/esp\/wp-json\/wp\/v2\/media\/346552"}],"wp:attachment":[{"href":"https:\/\/galeriaazur.art\/esp\/wp-json\/wp\/v2\/media?parent=346550"}],"wp:term":[{"taxonomy":"product_cat","embeddable":true,"href":"https:\/\/galeriaazur.art\/esp\/wp-json\/wp\/v2\/product_cat?post=346550"},{"taxonomy":"product_tag","embeddable":true,"href":"https:\/\/galeriaazur.art\/esp\/wp-json\/wp\/v2\/product_tag?post=346550"}],"curies":[{"name":"wp","href":"https:\/\/api.w.org\/{rel}","templated":true}]}}