{"id":344339,"date":"2024-09-02T11:09:22","date_gmt":"2024-09-02T14:09:22","guid":{"rendered":"https:\/\/galeriaazur.art\/?post_type=product&#038;p=344339"},"modified":"2025-10-16T11:46:41","modified_gmt":"2025-10-16T14:46:41","slug":"serie-dreams-2","status":"publish","type":"product","link":"https:\/\/galeriaazur.art\/esp\/artwork\/serie-dreams-2\/","title":{"rendered":"Serie Dreams 2"},"content":{"rendered":"<p>En esta serie, quise expresar, en ambas obras, el momento de la b\u00fasqueda \u00a0del camino, para realizar alg\u00fan sue\u00f1o o prop\u00f3sito que uno haya pensado.\u00a0 Los colores azules mezclados con verdes, turquesa, blanco y negro se juntan en distintos puntos enfrent\u00e1ndose o fluyendo, en cierto espacio se siente calma y en otros ,torbellinos \u2026pero existen distintos portales , que al penetrarlos se encuentra al fin, la salida\u2026.que representa la realizaci\u00f3n de ese sue\u00f1o.<\/p>","protected":false},"excerpt":{"rendered":"<p>En esta serie, quise expresar, en ambas obras, el momento de la b\u00fasqueda \u00a0del camino, para realizar alg\u00fan sue\u00f1o o prop\u00f3sito que uno haya pensado.\u00a0 Los colores azules mezclados con verdes, turquesa, blanco y negro se juntan en distintos puntos enfrent\u00e1ndose o fluyendo, en cierto espacio se siente calma y en otros ,torbellinos \u2026pero existen [&hellip;]<\/p>","protected":false},"author":1962,"featured_media":344337,"template":"","meta":{"_et_pb_use_builder":"o","_et_pb_old_content":"","_et_gb_content_width":""},"product_cat":[101,24,403,377,410,437],"product_tag":[],"acf":[],"_links":{"self":[{"href":"https:\/\/galeriaazur.art\/esp\/wp-json\/wp\/v2\/product\/344339"}],"collection":[{"href":"https:\/\/galeriaazur.art\/esp\/wp-json\/wp\/v2\/product"}],"about":[{"href":"https:\/\/galeriaazur.art\/esp\/wp-json\/wp\/v2\/types\/product"}],"author":[{"embeddable":true,"href":"https:\/\/galeriaazur.art\/esp\/wp-json\/wp\/v2\/users\/1962"}],"wp:featuredmedia":[{"embeddable":true,"href":"https:\/\/galeriaazur.art\/esp\/wp-json\/wp\/v2\/media\/344337"}],"wp:attachment":[{"href":"https:\/\/galeriaazur.art\/esp\/wp-json\/wp\/v2\/media?parent=344339"}],"wp:term":[{"taxonomy":"product_cat","embeddable":true,"href":"https:\/\/galeriaazur.art\/esp\/wp-json\/wp\/v2\/product_cat?post=344339"},{"taxonomy":"product_tag","embeddable":true,"href":"https:\/\/galeriaazur.art\/esp\/wp-json\/wp\/v2\/product_tag?post=344339"}],"curies":[{"name":"wp","href":"https:\/\/api.w.org\/{rel}","templated":true}]}}