{"id":344328,"date":"2024-09-02T11:03:16","date_gmt":"2024-09-02T14:03:16","guid":{"rendered":"https:\/\/galeriaazur.art\/?post_type=product&#038;p=344328"},"modified":"2025-08-04T11:30:42","modified_gmt":"2025-08-04T14:30:42","slug":"serie-platinum","status":"publish","type":"product","link":"https:\/\/galeriaazur.art\/esp\/artwork\/serie-platinum\/","title":{"rendered":"Serie Platinum 1"},"content":{"rendered":"<p>En el desarrollo de esta serie, sus 2 obras se revisten con la t\u00e9cnica de los acr\u00edlicos fluidos, y entra la acci\u00f3n del pintor sobre la superficie del lienzo.\u00a0 Conjugando colores met\u00e1licos como el oro, la plata y el bronce dando como resultado sensaciones visuales arm\u00f3nicas y brillantes; enriqueciendo su contenido por las caracter\u00edsticas que transmiten los colores de dichos metales.<\/p>","protected":false},"excerpt":{"rendered":"<p>En el desarrollo de esta serie, sus 2 obras se revisten con la t\u00e9cnica de los acr\u00edlicos fluidos, y entra la acci\u00f3n del pintor sobre la superficie del lienzo.\u00a0 Conjugando colores met\u00e1licos como el oro, la plata y el bronce dando como resultado sensaciones visuales arm\u00f3nicas y brillantes; enriqueciendo su contenido por las caracter\u00edsticas que [&hellip;]<\/p>","protected":false},"author":1962,"featured_media":344330,"template":"","meta":{"_et_pb_use_builder":"o","_et_pb_old_content":"","_et_gb_content_width":""},"product_cat":[101,24,403,377],"product_tag":[],"acf":[],"_links":{"self":[{"href":"https:\/\/galeriaazur.art\/esp\/wp-json\/wp\/v2\/product\/344328"}],"collection":[{"href":"https:\/\/galeriaazur.art\/esp\/wp-json\/wp\/v2\/product"}],"about":[{"href":"https:\/\/galeriaazur.art\/esp\/wp-json\/wp\/v2\/types\/product"}],"author":[{"embeddable":true,"href":"https:\/\/galeriaazur.art\/esp\/wp-json\/wp\/v2\/users\/1962"}],"wp:featuredmedia":[{"embeddable":true,"href":"https:\/\/galeriaazur.art\/esp\/wp-json\/wp\/v2\/media\/344330"}],"wp:attachment":[{"href":"https:\/\/galeriaazur.art\/esp\/wp-json\/wp\/v2\/media?parent=344328"}],"wp:term":[{"taxonomy":"product_cat","embeddable":true,"href":"https:\/\/galeriaazur.art\/esp\/wp-json\/wp\/v2\/product_cat?post=344328"},{"taxonomy":"product_tag","embeddable":true,"href":"https:\/\/galeriaazur.art\/esp\/wp-json\/wp\/v2\/product_tag?post=344328"}],"curies":[{"name":"wp","href":"https:\/\/api.w.org\/{rel}","templated":true}]}}