{"id":340348,"date":"2024-07-30T09:24:36","date_gmt":"2024-07-30T12:24:36","guid":{"rendered":"https:\/\/galeriaazur.art\/?post_type=product&#038;p=340348"},"modified":"2025-12-01T08:41:27","modified_gmt":"2025-12-01T11:41:27","slug":"wine-flower-cabernet","status":"publish","type":"product","link":"https:\/\/galeriaazur.art\/esp\/artwork\/wine-flower-cabernet\/","title":{"rendered":"Wine Flower Cabernet"},"content":{"rendered":"<p>En esta obra, me inspiro en la magia de la vid y el vino tinto. Utilizo fibras en tonos burdeos y rojo brillante para crear una flor imaginaria que surge de la planta de la vid, evocando las flores que a menudo se plantan entre los vi\u00f1edos para atraer polinizadores y embellecer el entorno. Esta flor ilusoria realizada con la antigua t\u00e9cnica en telar, celebra la conexi\u00f3n entre la tierra, la vid y el vino, y simboliza la colaboraci\u00f3n entre la naturaleza y la agricultura.&#8221;<\/p>","protected":false},"excerpt":{"rendered":"<a href=\"https:\/\/galeriaazur.art\/esp\/artist\/analia-arcuri\/\">Ani Arcuri<\/a>","protected":false},"author":2512,"featured_media":340349,"template":"","meta":{"_et_pb_use_builder":"o","_et_pb_old_content":"","_et_gb_content_width":""},"product_cat":[101,367],"product_tag":[],"acf":[],"_links":{"self":[{"href":"https:\/\/galeriaazur.art\/esp\/wp-json\/wp\/v2\/product\/340348"}],"collection":[{"href":"https:\/\/galeriaazur.art\/esp\/wp-json\/wp\/v2\/product"}],"about":[{"href":"https:\/\/galeriaazur.art\/esp\/wp-json\/wp\/v2\/types\/product"}],"author":[{"embeddable":true,"href":"https:\/\/galeriaazur.art\/esp\/wp-json\/wp\/v2\/users\/2512"}],"wp:featuredmedia":[{"embeddable":true,"href":"https:\/\/galeriaazur.art\/esp\/wp-json\/wp\/v2\/media\/340349"}],"wp:attachment":[{"href":"https:\/\/galeriaazur.art\/esp\/wp-json\/wp\/v2\/media?parent=340348"}],"wp:term":[{"taxonomy":"product_cat","embeddable":true,"href":"https:\/\/galeriaazur.art\/esp\/wp-json\/wp\/v2\/product_cat?post=340348"},{"taxonomy":"product_tag","embeddable":true,"href":"https:\/\/galeriaazur.art\/esp\/wp-json\/wp\/v2\/product_tag?post=340348"}],"curies":[{"name":"wp","href":"https:\/\/api.w.org\/{rel}","templated":true}]}}