{"id":303269,"date":"2023-08-22T18:32:33","date_gmt":"2023-08-22T21:32:33","guid":{"rendered":"https:\/\/galeriaazur.art\/?post_type=product&#038;p=303269"},"modified":"2023-08-22T18:32:34","modified_gmt":"2023-08-22T21:32:34","slug":"s-t-7","status":"publish","type":"product","link":"https:\/\/galeriaazur.art\/esp\/artwork\/s-t-7\/","title":{"rendered":"S\/T"},"content":{"rendered":"<p>Barren Potraits<br \/>\nTr\u00edptico. Fotograf\u00edas de an\u00e1lisis histol\u00f3gico de ovarios deficientes, intervenidas con IA e IH. Copia Glicl\u00e9e en papel Glossy<br \/>\n55 x 200 cm<\/p>","protected":false},"excerpt":{"rendered":"<p>Barren Potraits Tr\u00edptico. Fotograf\u00edas de an\u00e1lisis histol\u00f3gico de ovarios deficientes, intervenidas con IA e IH. Copia Glicl\u00e9e en papel Glossy 55 x 200 cm<\/p>","protected":false},"author":442,"featured_media":303160,"template":"","meta":{"_et_pb_use_builder":"o","_et_pb_old_content":"","_et_gb_content_width":""},"product_cat":[203,22],"product_tag":[],"acf":[],"_links":{"self":[{"href":"https:\/\/galeriaazur.art\/esp\/wp-json\/wp\/v2\/product\/303269"}],"collection":[{"href":"https:\/\/galeriaazur.art\/esp\/wp-json\/wp\/v2\/product"}],"about":[{"href":"https:\/\/galeriaazur.art\/esp\/wp-json\/wp\/v2\/types\/product"}],"author":[{"embeddable":true,"href":"https:\/\/galeriaazur.art\/esp\/wp-json\/wp\/v2\/users\/442"}],"wp:featuredmedia":[{"embeddable":true,"href":"https:\/\/galeriaazur.art\/esp\/wp-json\/wp\/v2\/media\/303160"}],"wp:attachment":[{"href":"https:\/\/galeriaazur.art\/esp\/wp-json\/wp\/v2\/media?parent=303269"}],"wp:term":[{"taxonomy":"product_cat","embeddable":true,"href":"https:\/\/galeriaazur.art\/esp\/wp-json\/wp\/v2\/product_cat?post=303269"},{"taxonomy":"product_tag","embeddable":true,"href":"https:\/\/galeriaazur.art\/esp\/wp-json\/wp\/v2\/product_tag?post=303269"}],"curies":[{"name":"wp","href":"https:\/\/api.w.org\/{rel}","templated":true}]}}