{"id":303266,"date":"2023-08-22T17:54:18","date_gmt":"2023-08-22T20:54:18","guid":{"rendered":"https:\/\/galeriaazur.art\/?post_type=product&#038;p=303266"},"modified":"2023-08-23T16:20:59","modified_gmt":"2023-08-23T19:20:59","slug":"000999-antropoceno-2018-2021","status":"publish","type":"product","link":"https:\/\/galeriaazur.art\/esp\/artwork\/000999-antropoceno-2018-2021\/","title":{"rendered":"#000999 Antropoceno (2018\/2021)"},"content":{"rendered":"<p>Postales de un Antropoceno posible<br \/>\nFotograf\u00eda soporte digital post-producida, basada en fotograf\u00eda, toma directa, soporte digital. Copias Gicl\u00e9e con tintas Epson Ultrachrome HDR. Papel Canson Platine Fiber Rag<br \/>\n61x81cm<br \/>\nMedidas variables<\/p>","protected":false},"excerpt":{"rendered":"<p>Postales de un Antropoceno posible Fotograf\u00eda soporte digital post-producida, basada en fotograf\u00eda, toma directa, soporte digital. Copias Gicl\u00e9e con tintas Epson Ultrachrome HDR. Papel Canson Platine Fiber Rag 61x81cm Medidas variables<\/p>","protected":false},"author":442,"featured_media":303177,"template":"","meta":{"_et_pb_use_builder":"o","_et_pb_old_content":"","_et_gb_content_width":""},"product_cat":[203,22],"product_tag":[],"acf":[],"_links":{"self":[{"href":"https:\/\/galeriaazur.art\/esp\/wp-json\/wp\/v2\/product\/303266"}],"collection":[{"href":"https:\/\/galeriaazur.art\/esp\/wp-json\/wp\/v2\/product"}],"about":[{"href":"https:\/\/galeriaazur.art\/esp\/wp-json\/wp\/v2\/types\/product"}],"author":[{"embeddable":true,"href":"https:\/\/galeriaazur.art\/esp\/wp-json\/wp\/v2\/users\/442"}],"wp:featuredmedia":[{"embeddable":true,"href":"https:\/\/galeriaazur.art\/esp\/wp-json\/wp\/v2\/media\/303177"}],"wp:attachment":[{"href":"https:\/\/galeriaazur.art\/esp\/wp-json\/wp\/v2\/media?parent=303266"}],"wp:term":[{"taxonomy":"product_cat","embeddable":true,"href":"https:\/\/galeriaazur.art\/esp\/wp-json\/wp\/v2\/product_cat?post=303266"},{"taxonomy":"product_tag","embeddable":true,"href":"https:\/\/galeriaazur.art\/esp\/wp-json\/wp\/v2\/product_tag?post=303266"}],"curies":[{"name":"wp","href":"https:\/\/api.w.org\/{rel}","templated":true}]}}