{"id":303262,"date":"2023-08-22T17:57:44","date_gmt":"2023-08-22T20:57:44","guid":{"rendered":"https:\/\/galeriaazur.art\/?post_type=product&#038;p=303262"},"modified":"2023-08-23T16:20:18","modified_gmt":"2023-08-23T19:20:18","slug":"1040300-antropoceno-2018-2021","status":"publish","type":"product","link":"https:\/\/galeriaazur.art\/esp\/artwork\/1040300-antropoceno-2018-2021\/","title":{"rendered":"#1040300 Antropoceno (2018-2021)"},"content":{"rendered":"<p>Postales de un Antropoceno posible<br \/>\nFotograf\u00eda soporte digital post-producida, basada en fotograf\u00eda, toma directa, soporte digital. Copias Gicl\u00e9e con tintas Epson Ultrachrome HDR. Papel Canson Platine Fiber Rag<br \/>\n45x62cm<br \/>\nMedidas variables<\/p>","protected":false},"excerpt":{"rendered":"<p>Postales de un Antropoceno posible Fotograf\u00eda soporte digital post-producida, basada en fotograf\u00eda, toma directa, soporte digital. Copias Gicl\u00e9e con tintas Epson Ultrachrome HDR. Papel Canson Platine Fiber Rag 45x62cm Medidas variables<\/p>","protected":false},"author":442,"featured_media":303180,"template":"","meta":{"_et_pb_use_builder":"o","_et_pb_old_content":"","_et_gb_content_width":""},"product_cat":[203,22],"product_tag":[],"acf":[],"_links":{"self":[{"href":"https:\/\/galeriaazur.art\/esp\/wp-json\/wp\/v2\/product\/303262"}],"collection":[{"href":"https:\/\/galeriaazur.art\/esp\/wp-json\/wp\/v2\/product"}],"about":[{"href":"https:\/\/galeriaazur.art\/esp\/wp-json\/wp\/v2\/types\/product"}],"author":[{"embeddable":true,"href":"https:\/\/galeriaazur.art\/esp\/wp-json\/wp\/v2\/users\/442"}],"wp:featuredmedia":[{"embeddable":true,"href":"https:\/\/galeriaazur.art\/esp\/wp-json\/wp\/v2\/media\/303180"}],"wp:attachment":[{"href":"https:\/\/galeriaazur.art\/esp\/wp-json\/wp\/v2\/media?parent=303262"}],"wp:term":[{"taxonomy":"product_cat","embeddable":true,"href":"https:\/\/galeriaazur.art\/esp\/wp-json\/wp\/v2\/product_cat?post=303262"},{"taxonomy":"product_tag","embeddable":true,"href":"https:\/\/galeriaazur.art\/esp\/wp-json\/wp\/v2\/product_tag?post=303262"}],"curies":[{"name":"wp","href":"https:\/\/api.w.org\/{rel}","templated":true}]}}