{"id":303250,"date":"2023-08-22T17:17:44","date_gmt":"2023-08-22T20:17:44","guid":{"rendered":"https:\/\/galeriaazur.art\/?post_type=product&#038;p=303250"},"modified":"2023-08-23T17:30:41","modified_gmt":"2023-08-23T20:30:41","slug":"escuadra","status":"publish","type":"product","link":"https:\/\/galeriaazur.art\/esp\/artwork\/escuadra\/","title":{"rendered":"Escuadra"},"content":{"rendered":"<p>Serie Dom\u00e9stica Negra<br \/>\nFotograf\u00eda. Toma directa en soporte digital. Copia Gicl\u00e9e con tinta Epson Ultrachrome HDR. Papel luster<br \/>\n63x90cm<\/p>","protected":false},"excerpt":{"rendered":"<p>Serie Dom\u00e9stica Negra Fotograf\u00eda. Toma directa en soporte digital. Copia Gicl\u00e9e con tinta Epson Ultrachrome HDR. Papel luster 63x90cm<\/p>","protected":false},"author":442,"featured_media":303253,"template":"","meta":{"_et_pb_use_builder":"o","_et_pb_old_content":"","_et_gb_content_width":""},"product_cat":[203,22],"product_tag":[],"acf":[],"_links":{"self":[{"href":"https:\/\/galeriaazur.art\/esp\/wp-json\/wp\/v2\/product\/303250"}],"collection":[{"href":"https:\/\/galeriaazur.art\/esp\/wp-json\/wp\/v2\/product"}],"about":[{"href":"https:\/\/galeriaazur.art\/esp\/wp-json\/wp\/v2\/types\/product"}],"author":[{"embeddable":true,"href":"https:\/\/galeriaazur.art\/esp\/wp-json\/wp\/v2\/users\/442"}],"wp:featuredmedia":[{"embeddable":true,"href":"https:\/\/galeriaazur.art\/esp\/wp-json\/wp\/v2\/media\/303253"}],"wp:attachment":[{"href":"https:\/\/galeriaazur.art\/esp\/wp-json\/wp\/v2\/media?parent=303250"}],"wp:term":[{"taxonomy":"product_cat","embeddable":true,"href":"https:\/\/galeriaazur.art\/esp\/wp-json\/wp\/v2\/product_cat?post=303250"},{"taxonomy":"product_tag","embeddable":true,"href":"https:\/\/galeriaazur.art\/esp\/wp-json\/wp\/v2\/product_tag?post=303250"}],"curies":[{"name":"wp","href":"https:\/\/api.w.org\/{rel}","templated":true}]}}